{"id":226,"date":"2018-12-26T07:44:06","date_gmt":"2018-12-26T07:44:06","guid":{"rendered":"http:\/\/mlimon.io\/starship\/?page_id=226"},"modified":"2021-10-16T13:19:38","modified_gmt":"2021-10-16T13:19:38","slug":"kontakt","status":"publish","type":"page","link":"https:\/\/www.mandreel.com\/germany\/kontakt\/","title":{"rendered":"Kontakt"},"content":{"rendered":"<div id=\"pl-226\"  class=\"panel-layout\" ><div id=\"pg-226-0\"  class=\"panel-grid panel-no-style\" ><div id=\"pgc-226-0-0\"  class=\"panel-grid-cell\" ><div id=\"panel-226-0-0-0\" class=\"so-panel widget widget_sow-editor panel-first-child panel-last-child\" data-index=\"0\" ><div class=\"so-widget-sow-editor so-widget-sow-editor-base\"><h3 class=\"widget-title\">Wie Sie uns erreichen<\/h3>\n<div class=\"siteorigin-widget-tinymce textwidget\">\n\t<p>Letztendlich, weil wir eine Agentur und ein Unternehmen f\u00fcr digitales Marketing sind, arbeiten wir eindeutig mit Gesch\u00e4ftsleuten zusammen. Beziehungen sind das Wichtigste in unserem gesamten Gesch\u00e4ft. Jedes Unternehmen, mit dem wir zusammenarbeiten, hat seine eigenen Bed\u00fcrfnisse und Ziele. Es ist unsere Mission, sie zu befriedigen. Wenn Sie sich f\u00fcr eine Zusammenarbeit mit uns entscheiden, sind wir zuversichtlich, dass wir Sie bei der Erreichung Ihrer Ziele unterst\u00fctzen k\u00f6nnen.<\/p>\n<p>Wenn Sie mehr \u00fcber unsere Dienstleistungen erfahren m\u00f6chten oder mit einem Experten zusammenarbeiten m\u00f6chten, z\u00f6gern Sie nicht, uns zu kontaktieren. Am besten erreichen Sie uns per E-Mail oder WhatsApp. Unsere Branding- und Marketingexperten werden Ihre Anfrage umgehend beantworten.<\/p>\n<\/div>\n<\/div><\/div><\/div><div id=\"pgc-226-0-1\"  class=\"panel-grid-cell\" ><div id=\"panel-226-0-1-0\" class=\"so-panel widget widget_text panel-first-child panel-last-child\" data-index=\"1\" ><h3 class=\"widget-title\">Kontakt Information<\/h3>\t\t\t<div class=\"textwidget\"><div role=\"form\" class=\"wpcf7\" id=\"wpcf7-f225-o1\" lang=\"en-US\" dir=\"ltr\">\n<div class=\"screen-reader-response\"><p role=\"status\" aria-live=\"polite\" aria-atomic=\"true\"><\/p> <ul><\/ul><\/div>\n<form action=\"\/germany\/wp-json\/wp\/v2\/pages\/226#wpcf7-f225-o1\" method=\"post\" class=\"wpcf7-form init\" novalidate=\"novalidate\" data-status=\"init\">\n<div style=\"display: none;\">\n<input type=\"hidden\" name=\"_wpcf7\" value=\"225\" \/>\n<input type=\"hidden\" name=\"_wpcf7_version\" value=\"5.5.2\" \/>\n<input type=\"hidden\" name=\"_wpcf7_locale\" value=\"en_US\" \/>\n<input type=\"hidden\" name=\"_wpcf7_unit_tag\" value=\"wpcf7-f225-o1\" \/>\n<input type=\"hidden\" name=\"_wpcf7_container_post\" value=\"0\" \/>\n<input type=\"hidden\" name=\"_wpcf7_posted_data_hash\" value=\"\" \/>\n<input type=\"hidden\" name=\"_wpcf7_recaptcha_response\" value=\"\" \/>\n<\/div>\n<div id=\"contact_form\" class=\"row\">\n<div class=\"col-md-4\">\n<div id=\"name_error\" class=\"error\">Please enter your name.<\/div>\n<div>\n            <span class=\"wpcf7-form-control-wrap your-name\"><input type=\"text\" name=\"your-name\" value=\"\" size=\"40\" class=\"wpcf7-form-control wpcf7-text wpcf7-validates-as-required form-control\" aria-required=\"true\" aria-invalid=\"false\" placeholder=\"Your Name\" \/><\/span>\n        <\/div>\n<div id=\"email_error\" class=\"error\">Please enter your valid E-mail ID.<\/div>\n<div>\n            <span class=\"wpcf7-form-control-wrap your-email\"><input type=\"email\" name=\"your-email\" value=\"\" size=\"40\" class=\"wpcf7-form-control wpcf7-text wpcf7-email wpcf7-validates-as-required wpcf7-validates-as-email form-control\" aria-required=\"true\" aria-invalid=\"false\" placeholder=\"Your Email\" \/><\/span>\n        <\/div>\n<div id=\"phone_error\" class=\"error\">Please enter your phone number.<\/div>\n<div>\n            <span class=\"wpcf7-form-control-wrap your-phone\"><input type=\"text\" name=\"your-phone\" value=\"\" size=\"40\" class=\"wpcf7-form-control wpcf7-text form-control\" aria-invalid=\"false\" placeholder=\"Your Name\" \/><\/span>\n        <\/div>\n<\/div>\n<div class=\"col-md-8\">\n<div id=\"message_error\" class=\"error\">Please enter your message.<\/div>\n<div>\n            <span class=\"wpcf7-form-control-wrap your-message\"><textarea name=\"your-message\" cols=\"40\" rows=\"10\" class=\"wpcf7-form-control wpcf7-textarea wpcf7-validates-as-required form-control\" aria-required=\"true\" aria-invalid=\"false\" placeholder=\"Your Message\"><\/textarea><\/span>\n        <\/div>\n<\/div>\n<div class=\"col-md-12\">\n<span class=\"wpcf7-form-control-wrap recaptcha\"><span data-sitekey=\"6Leh5ywUAAAAACha5iqO5njFsLtMUpRJxnIto6CE\" class=\"wpcf7-form-control g-recaptcha wpcf7-recaptcha\"><\/span>\r\n<noscript>\r\n\t<div class=\"grecaptcha-noscript\">\r\n\t\t<iframe src=\"https:\/\/www.google.com\/recaptcha\/api\/fallback?k=6Leh5ywUAAAAACha5iqO5njFsLtMUpRJxnIto6CE\" frameborder=\"0\" scrolling=\"no\">\r\n\t\t<\/iframe>\r\n\t\t<textarea name=\"g-recaptcha-response\" rows=\"3\" cols=\"40\" placeholder=\"reCaptcha Response Here\">\r\n\t\t<\/textarea>\r\n\t<\/div>\r\n<\/noscript>\r\n<\/span>\n<p id=\"submit\">\n            <input type=\"submit\" value=\"Submit Form\" class=\"wpcf7-form-control has-spinner wpcf7-submit btn btn-line\" id=\"send_message\" \/>\n        <\/p>\n<div id=\"mail_success\" class=\"success\">Your message has been sent successfully.<\/div>\n<div id=\"mail_fail\" class=\"error\">Sorry, error occured this time sending your message.<\/div>\n<\/div>\n<\/div>\n<div class=\"wpcf7-response-output\" aria-hidden=\"true\"><\/div><\/form><\/div>\n<\/div>\n\t\t<\/div><\/div><\/div><div id=\"pg-226-1\"  class=\"panel-grid panel-has-style\" ><div class=\"siteorigin-panels-stretch panel-row-style panel-row-style-for-226-1\" data-stretch-type=\"full-stretched-padded\" ><div id=\"pgc-226-1-0\"  class=\"panel-grid-cell panel-grid-cell-empty\" ><\/div><\/div><\/div><\/div>","protected":false},"excerpt":{"rendered":"<p>Letztendlich, weil wir eine Agentur und ein Unternehmen f\u00fcr digitales Marketing sind, arbeiten wir eindeutig mit Gesch\u00e4ftsleuten zusammen. Beziehungen sind das Wichtigste in unserem gesamten Gesch\u00e4ft. Jedes Unternehmen, mit dem wir zusammenarbeiten, hat seine eigenen Bed\u00fcrfnisse und Ziele. Es ist unsere Mission, sie zu befriedigen. Wenn Sie sich f\u00fcr eine Zusammenarbeit mit uns entscheiden, sind [&hellip;]<\/p>\n","protected":false},"author":1,"featured_media":0,"parent":0,"menu_order":0,"comment_status":"closed","ping_status":"closed","template":"","meta":{"_monsterinsights_skip_tracking":false,"_monsterinsights_sitenote_active":false,"_monsterinsights_sitenote_note":"","_monsterinsights_sitenote_category":0},"yoast_head":"<!-- This site is optimized with the Yoast SEO plugin v17.4 - https:\/\/yoast.com\/wordpress\/plugins\/seo\/ -->\n<title>Kontakt - Mandreel<\/title>\n<meta name=\"robots\" content=\"noindex, follow\" \/>\n<meta property=\"og:locale\" content=\"de_DE\" \/>\n<meta property=\"og:type\" content=\"article\" \/>\n<meta property=\"og:title\" content=\"Kontakt - Mandreel\" \/>\n<meta property=\"og:description\" content=\"Letztendlich, weil wir eine Agentur und ein Unternehmen f\u00fcr digitales Marketing sind, arbeiten wir eindeutig mit Gesch\u00e4ftsleuten zusammen. Beziehungen sind das Wichtigste in unserem gesamten Gesch\u00e4ft. Jedes Unternehmen, mit dem wir zusammenarbeiten, hat seine eigenen Bed\u00fcrfnisse und Ziele. Es ist unsere Mission, sie zu befriedigen. Wenn Sie sich f\u00fcr eine Zusammenarbeit mit uns entscheiden, sind [&hellip;]\" \/>\n<meta property=\"og:url\" content=\"https:\/\/www.mandreel.com\/germany\/kontakt\/\" \/>\n<meta property=\"og:site_name\" content=\"Mandreel\" \/>\n<meta property=\"article:modified_time\" content=\"2021-10-16T13:19:38+00:00\" \/>\n<meta name=\"twitter:card\" content=\"summary_large_image\" \/>\n<meta name=\"twitter:label1\" content=\"Est. reading time\" \/>\n\t<meta name=\"twitter:data1\" content=\"1 minute\" \/>\n<script type=\"application\/ld+json\" class=\"yoast-schema-graph\">{\"@context\":\"https:\/\/schema.org\",\"@graph\":[{\"@type\":\"WebSite\",\"@id\":\"https:\/\/www.mandreel.com\/germany\/#website\",\"url\":\"https:\/\/www.mandreel.com\/germany\/\",\"name\":\"Mandreel\",\"description\":\"One Stop Solution with Your Branding Needs\",\"potentialAction\":[{\"@type\":\"SearchAction\",\"target\":{\"@type\":\"EntryPoint\",\"urlTemplate\":\"https:\/\/www.mandreel.com\/germany\/?s={search_term_string}\"},\"query-input\":\"required name=search_term_string\"}],\"inLanguage\":\"en-US\"},{\"@type\":\"WebPage\",\"@id\":\"https:\/\/www.mandreel.com\/germany\/kontakt\/#webpage\",\"url\":\"https:\/\/www.mandreel.com\/germany\/kontakt\/\",\"name\":\"Kontakt - Mandreel\",\"isPartOf\":{\"@id\":\"https:\/\/www.mandreel.com\/germany\/#website\"},\"datePublished\":\"2018-12-26T07:44:06+00:00\",\"dateModified\":\"2021-10-16T13:19:38+00:00\",\"breadcrumb\":{\"@id\":\"https:\/\/www.mandreel.com\/germany\/kontakt\/#breadcrumb\"},\"inLanguage\":\"en-US\",\"potentialAction\":[{\"@type\":\"ReadAction\",\"target\":[\"https:\/\/www.mandreel.com\/germany\/kontakt\/\"]}]},{\"@type\":\"BreadcrumbList\",\"@id\":\"https:\/\/www.mandreel.com\/germany\/kontakt\/#breadcrumb\",\"itemListElement\":[{\"@type\":\"ListItem\",\"position\":1,\"name\":\"Home\",\"item\":\"https:\/\/www.mandreel.com\/germany\/\"},{\"@type\":\"ListItem\",\"position\":2,\"name\":\"Kontakt\"}]}]}<\/script>\n<!-- \/ Yoast SEO plugin. -->","yoast_head_json":{"title":"Kontakt - Mandreel","robots":{"index":"noindex","follow":"follow"},"og_locale":"de_DE","og_type":"article","og_title":"Kontakt - Mandreel","og_description":"Letztendlich, weil wir eine Agentur und ein Unternehmen f\u00fcr digitales Marketing sind, arbeiten wir eindeutig mit Gesch\u00e4ftsleuten zusammen. Beziehungen sind das Wichtigste in unserem gesamten Gesch\u00e4ft. Jedes Unternehmen, mit dem wir zusammenarbeiten, hat seine eigenen Bed\u00fcrfnisse und Ziele. Es ist unsere Mission, sie zu befriedigen. Wenn Sie sich f\u00fcr eine Zusammenarbeit mit uns entscheiden, sind [&hellip;]","og_url":"https:\/\/www.mandreel.com\/germany\/kontakt\/","og_site_name":"Mandreel","article_modified_time":"2021-10-16T13:19:38+00:00","twitter_card":"summary_large_image","twitter_misc":{"Est. reading time":"1 minute"},"schema":{"@context":"https:\/\/schema.org","@graph":[{"@type":"WebSite","@id":"https:\/\/www.mandreel.com\/germany\/#website","url":"https:\/\/www.mandreel.com\/germany\/","name":"Mandreel","description":"One Stop Solution with Your Branding Needs","potentialAction":[{"@type":"SearchAction","target":{"@type":"EntryPoint","urlTemplate":"https:\/\/www.mandreel.com\/germany\/?s={search_term_string}"},"query-input":"required name=search_term_string"}],"inLanguage":"en-US"},{"@type":"WebPage","@id":"https:\/\/www.mandreel.com\/germany\/kontakt\/#webpage","url":"https:\/\/www.mandreel.com\/germany\/kontakt\/","name":"Kontakt - Mandreel","isPartOf":{"@id":"https:\/\/www.mandreel.com\/germany\/#website"},"datePublished":"2018-12-26T07:44:06+00:00","dateModified":"2021-10-16T13:19:38+00:00","breadcrumb":{"@id":"https:\/\/www.mandreel.com\/germany\/kontakt\/#breadcrumb"},"inLanguage":"en-US","potentialAction":[{"@type":"ReadAction","target":["https:\/\/www.mandreel.com\/germany\/kontakt\/"]}]},{"@type":"BreadcrumbList","@id":"https:\/\/www.mandreel.com\/germany\/kontakt\/#breadcrumb","itemListElement":[{"@type":"ListItem","position":1,"name":"Home","item":"https:\/\/www.mandreel.com\/germany\/"},{"@type":"ListItem","position":2,"name":"Kontakt"}]}]}},"_links":{"self":[{"href":"https:\/\/www.mandreel.com\/germany\/wp-json\/wp\/v2\/pages\/226"}],"collection":[{"href":"https:\/\/www.mandreel.com\/germany\/wp-json\/wp\/v2\/pages"}],"about":[{"href":"https:\/\/www.mandreel.com\/germany\/wp-json\/wp\/v2\/types\/page"}],"author":[{"embeddable":true,"href":"https:\/\/www.mandreel.com\/germany\/wp-json\/wp\/v2\/users\/1"}],"replies":[{"embeddable":true,"href":"https:\/\/www.mandreel.com\/germany\/wp-json\/wp\/v2\/comments?post=226"}],"version-history":[{"count":30,"href":"https:\/\/www.mandreel.com\/germany\/wp-json\/wp\/v2\/pages\/226\/revisions"}],"predecessor-version":[{"id":434,"href":"https:\/\/www.mandreel.com\/germany\/wp-json\/wp\/v2\/pages\/226\/revisions\/434"}],"wp:attachment":[{"href":"https:\/\/www.mandreel.com\/germany\/wp-json\/wp\/v2\/media?parent=226"}],"curies":[{"name":"wp","href":"https:\/\/api.w.org\/{rel}","templated":true}]}}