{"id":302,"date":"2018-12-31T10:41:13","date_gmt":"2018-12-31T10:41:13","guid":{"rendered":"http:\/\/themeun.com\/newstarship\/?page_id=302"},"modified":"2021-10-16T13:18:11","modified_gmt":"2021-10-16T13:18:11","slug":"uber-uns","status":"publish","type":"page","link":"https:\/\/www.mandreel.com\/germany\/uber-uns\/","title":{"rendered":"\u00dcber uns"},"content":{"rendered":"<p><strong>Unser Erfahrungsschatz<\/strong><br \/>\nBei Mandreel bringen wir unseren Kunden Erfahrung in Branding und Online-Marketing ein. Wenn Sie ein kleines Unternehmen haben und Ihr Unternehmen bekannt machen m\u00f6chten oder Sie haben ein gr\u00f6\u00dferes Unternehmen und m\u00f6chten Ihre digitale Marketingstrategie auf die n\u00e4chste Stufe heben, unsere Agentur f\u00fcr digitales Marketing kann Ihnen helfen.<\/p>\n<p>Wir k\u00f6nnen digitales Marketing betreiben. Dar\u00fcber hinaus nutzt unsere Agentur f\u00fcr Branding und digitales Marketing die Erfahrungen, die wir von unseren fr\u00fcheren Kunden gemacht haben. Dies bedeutet jedoch nicht, dass Sie alte Ratschl\u00e4ge erhalten. Das bedeutet, dass wir aus unseren Erfolgen und Misserfolgen lernen und diese Erkenntnisse nutzen, um Ihrem Unternehmen bessere, umsetzbare Ratschl\u00e4ge zu geben.<\/p>\n<p>Was wir f\u00fcr unsere Kunden liefern<br \/>\nAls Branding und digitales Marketing kombinieren wir unsere Erfahrung in innovativen Taktiken in der Branche, um unsere Kunden individuell zu beraten. Wir konzentrieren uns auch auf den Markt und die Marktsegmentierung unserer Kunden, damit wir unseren Kunden helfen, ihre potenziellen Kunden anzusprechen, die ihrem Unternehmen helfen k\u00f6nnen.<\/p>\n<p>Diese Taktiken sind effektiv und wir nutzen sie f\u00fcr unseren Kunden. Wir sind sehr stolz auf die Arbeitsmoral und Verl\u00e4sslichkeit unserer Experten f\u00fcr digitales Marketing. Sie widmen sich dem Erfolg ihrer Kunden und sind bereit, alles Notwendige zu tun, um den Kunden zu helfen. Im Vergleich zu unseren Mitbewerbern gehen wir in der Zusammenarbeit mit unseren Kunden die \u201eExtra Meile\u201c.<\/p>\n<p>Wir sind eine Sammlung von Vermarktern und Designern, die unseren Kunden qualitativ hochwertigen Service bieten<br \/>\nUnsere Dienstleistungen in unserer Agentur f\u00fcr digitales Marketing umfassen:<\/p>\n<ol>\n<li>Produktforschung: Wir sind Spezialisten f\u00fcr Produktforschung. Wir k\u00f6nnen Ihre Branche und Ihren Markt schnell verstehen und Empfehlungen aussprechen, die Ihnen helfen, Fehler zu vermeiden.<\/li>\n<li>Design &amp;amp; Entwicklung: Nach der Durchf\u00fchrung von Produktforschung entwerfen, produzieren und warten wir sch\u00f6ne Websites, die Ihr Produkt oder Ihre Dienstleistung pr\u00e4sentieren k\u00f6nnen.<\/li>\n<li>Marketing Services: Haben Sie ein (oder mehrere) Produkte oder Dienstleistungen, die Sie pr\u00e4sentieren m\u00f6chten? Wir freuen uns, unsere Erfahrung im digitalen Marketing zu nutzen, um Ihre Produkte oder Dienstleistungen auf Social-Media-Websites oder auf anderen Websites zu bewerben.<\/li>\n<\/ol>\n<p>Warum sollten Sie mit uns zusammenarbeiten? Warum sollten Sie mit Mandreel arbeiten? Die Antwort ist klar:<\/p>\n<p>Wir sind eine Gruppe talentierter, hart arbeitender digitaler Vermarkter und Designer, die die Bed\u00fcrfnisse unserer Kunden an erste Stelle setzen. Egal, ob Sie neu im digitalen Marketing sind oder mit Branding-Prozessen vertraut sind, wir sind zuversichtlich, dass wir Ihre Anforderungen erf\u00fcllen k\u00f6nnen. In unserem ersten Beratungsgespr\u00e4ch k\u00f6nnen wir den aktuellen Stand Ihrer digitalen Marketingbem\u00fchungen und Ihre Ziele verstehen, um einen geeigneten Plan f\u00fcr Sie zu erstellen.<\/p>\n","protected":false},"excerpt":{"rendered":"<p>Unser Erfahrungsschatz Bei Mandreel bringen wir unseren Kunden Erfahrung in Branding und Online-Marketing ein. Wenn Sie ein kleines Unternehmen haben und Ihr Unternehmen bekannt machen m\u00f6chten oder Sie haben ein gr\u00f6\u00dferes Unternehmen und m\u00f6chten Ihre digitale Marketingstrategie auf die n\u00e4chste Stufe heben, unsere Agentur f\u00fcr digitales Marketing kann Ihnen helfen. Wir k\u00f6nnen digitales Marketing betreiben. [&hellip;]<\/p>\n","protected":false},"author":1,"featured_media":0,"parent":0,"menu_order":0,"comment_status":"closed","ping_status":"closed","template":"page-simple.php","meta":{"_monsterinsights_skip_tracking":false,"_monsterinsights_sitenote_active":false,"_monsterinsights_sitenote_note":"","_monsterinsights_sitenote_category":0},"yoast_head":"<!-- This site is optimized with the Yoast SEO plugin v17.4 - https:\/\/yoast.com\/wordpress\/plugins\/seo\/ -->\n<title>\u00dcber uns - Mandreel<\/title>\n<meta name=\"robots\" content=\"index, follow, max-snippet:-1, max-image-preview:large, max-video-preview:-1\" \/>\n<link rel=\"canonical\" href=\"https:\/\/www.mandreel.com\/germany\/uber-uns\/\" \/>\n<meta property=\"og:locale\" content=\"de_DE\" \/>\n<meta property=\"og:type\" content=\"article\" \/>\n<meta property=\"og:title\" content=\"\u00dcber uns - Mandreel\" \/>\n<meta property=\"og:description\" content=\"Unser Erfahrungsschatz Bei Mandreel bringen wir unseren Kunden Erfahrung in Branding und Online-Marketing ein. Wenn Sie ein kleines Unternehmen haben und Ihr Unternehmen bekannt machen m\u00f6chten oder Sie haben ein gr\u00f6\u00dferes Unternehmen und m\u00f6chten Ihre digitale Marketingstrategie auf die n\u00e4chste Stufe heben, unsere Agentur f\u00fcr digitales Marketing kann Ihnen helfen. Wir k\u00f6nnen digitales Marketing betreiben. [&hellip;]\" \/>\n<meta property=\"og:url\" content=\"https:\/\/www.mandreel.com\/germany\/uber-uns\/\" \/>\n<meta property=\"og:site_name\" content=\"Mandreel\" \/>\n<meta property=\"article:modified_time\" content=\"2021-10-16T13:18:11+00:00\" \/>\n<meta name=\"twitter:card\" content=\"summary_large_image\" \/>\n<meta name=\"twitter:label1\" content=\"Est. reading time\" \/>\n\t<meta name=\"twitter:data1\" content=\"2 minutes\" \/>\n<script type=\"application\/ld+json\" class=\"yoast-schema-graph\">{\"@context\":\"https:\/\/schema.org\",\"@graph\":[{\"@type\":\"WebSite\",\"@id\":\"https:\/\/www.mandreel.com\/germany\/#website\",\"url\":\"https:\/\/www.mandreel.com\/germany\/\",\"name\":\"Mandreel\",\"description\":\"One Stop Solution with Your Branding Needs\",\"potentialAction\":[{\"@type\":\"SearchAction\",\"target\":{\"@type\":\"EntryPoint\",\"urlTemplate\":\"https:\/\/www.mandreel.com\/germany\/?s={search_term_string}\"},\"query-input\":\"required name=search_term_string\"}],\"inLanguage\":\"en-US\"},{\"@type\":\"WebPage\",\"@id\":\"https:\/\/www.mandreel.com\/germany\/uber-uns\/#webpage\",\"url\":\"https:\/\/www.mandreel.com\/germany\/uber-uns\/\",\"name\":\"\\u00dcber uns - Mandreel\",\"isPartOf\":{\"@id\":\"https:\/\/www.mandreel.com\/germany\/#website\"},\"datePublished\":\"2018-12-31T10:41:13+00:00\",\"dateModified\":\"2021-10-16T13:18:11+00:00\",\"breadcrumb\":{\"@id\":\"https:\/\/www.mandreel.com\/germany\/uber-uns\/#breadcrumb\"},\"inLanguage\":\"en-US\",\"potentialAction\":[{\"@type\":\"ReadAction\",\"target\":[\"https:\/\/www.mandreel.com\/germany\/uber-uns\/\"]}]},{\"@type\":\"BreadcrumbList\",\"@id\":\"https:\/\/www.mandreel.com\/germany\/uber-uns\/#breadcrumb\",\"itemListElement\":[{\"@type\":\"ListItem\",\"position\":1,\"name\":\"Home\",\"item\":\"https:\/\/www.mandreel.com\/germany\/\"},{\"@type\":\"ListItem\",\"position\":2,\"name\":\"\\u00dcber uns\"}]}]}<\/script>\n<!-- \/ Yoast SEO plugin. -->","yoast_head_json":{"title":"\u00dcber uns - Mandreel","robots":{"index":"index","follow":"follow","max-snippet":"max-snippet:-1","max-image-preview":"max-image-preview:large","max-video-preview":"max-video-preview:-1"},"canonical":"https:\/\/www.mandreel.com\/germany\/uber-uns\/","og_locale":"de_DE","og_type":"article","og_title":"\u00dcber uns - Mandreel","og_description":"Unser Erfahrungsschatz Bei Mandreel bringen wir unseren Kunden Erfahrung in Branding und Online-Marketing ein. Wenn Sie ein kleines Unternehmen haben und Ihr Unternehmen bekannt machen m\u00f6chten oder Sie haben ein gr\u00f6\u00dferes Unternehmen und m\u00f6chten Ihre digitale Marketingstrategie auf die n\u00e4chste Stufe heben, unsere Agentur f\u00fcr digitales Marketing kann Ihnen helfen. Wir k\u00f6nnen digitales Marketing betreiben. [&hellip;]","og_url":"https:\/\/www.mandreel.com\/germany\/uber-uns\/","og_site_name":"Mandreel","article_modified_time":"2021-10-16T13:18:11+00:00","twitter_card":"summary_large_image","twitter_misc":{"Est. reading time":"2 minutes"},"schema":{"@context":"https:\/\/schema.org","@graph":[{"@type":"WebSite","@id":"https:\/\/www.mandreel.com\/germany\/#website","url":"https:\/\/www.mandreel.com\/germany\/","name":"Mandreel","description":"One Stop Solution with Your Branding Needs","potentialAction":[{"@type":"SearchAction","target":{"@type":"EntryPoint","urlTemplate":"https:\/\/www.mandreel.com\/germany\/?s={search_term_string}"},"query-input":"required name=search_term_string"}],"inLanguage":"en-US"},{"@type":"WebPage","@id":"https:\/\/www.mandreel.com\/germany\/uber-uns\/#webpage","url":"https:\/\/www.mandreel.com\/germany\/uber-uns\/","name":"\u00dcber uns - Mandreel","isPartOf":{"@id":"https:\/\/www.mandreel.com\/germany\/#website"},"datePublished":"2018-12-31T10:41:13+00:00","dateModified":"2021-10-16T13:18:11+00:00","breadcrumb":{"@id":"https:\/\/www.mandreel.com\/germany\/uber-uns\/#breadcrumb"},"inLanguage":"en-US","potentialAction":[{"@type":"ReadAction","target":["https:\/\/www.mandreel.com\/germany\/uber-uns\/"]}]},{"@type":"BreadcrumbList","@id":"https:\/\/www.mandreel.com\/germany\/uber-uns\/#breadcrumb","itemListElement":[{"@type":"ListItem","position":1,"name":"Home","item":"https:\/\/www.mandreel.com\/germany\/"},{"@type":"ListItem","position":2,"name":"\u00dcber uns"}]}]}},"_links":{"self":[{"href":"https:\/\/www.mandreel.com\/germany\/wp-json\/wp\/v2\/pages\/302"}],"collection":[{"href":"https:\/\/www.mandreel.com\/germany\/wp-json\/wp\/v2\/pages"}],"about":[{"href":"https:\/\/www.mandreel.com\/germany\/wp-json\/wp\/v2\/types\/page"}],"author":[{"embeddable":true,"href":"https:\/\/www.mandreel.com\/germany\/wp-json\/wp\/v2\/users\/1"}],"replies":[{"embeddable":true,"href":"https:\/\/www.mandreel.com\/germany\/wp-json\/wp\/v2\/comments?post=302"}],"version-history":[{"count":3,"href":"https:\/\/www.mandreel.com\/germany\/wp-json\/wp\/v2\/pages\/302\/revisions"}],"predecessor-version":[{"id":1743,"href":"https:\/\/www.mandreel.com\/germany\/wp-json\/wp\/v2\/pages\/302\/revisions\/1743"}],"wp:attachment":[{"href":"https:\/\/www.mandreel.com\/germany\/wp-json\/wp\/v2\/media?parent=302"}],"curies":[{"name":"wp","href":"https:\/\/api.w.org\/{rel}","templated":true}]}}