{"id":48,"date":"2018-12-25T06:10:12","date_gmt":"2018-12-25T06:10:12","guid":{"rendered":"http:\/\/localhost\/starship\/?page_id=48"},"modified":"2021-10-08T01:33:27","modified_gmt":"2021-10-08T01:33:27","slug":"home","status":"publish","type":"page","link":"https:\/\/www.mandreel.com\/germany\/","title":{"rendered":"Home"},"content":{"rendered":"<div id=\"pl-48\"  class=\"panel-layout\" ><div id=\"pg-48-0\"  class=\"panel-grid panel-has-style\" ><div class=\"newstarship-para-bg siteorigin-panels-stretch panel-row-style panel-row-style-for-48-0\" data-stretch-type=\"full\" ><div id=\"pgc-48-0-0\"  class=\"panel-grid-cell panel-grid-cell-mobile-last\" ><div id=\"panel-48-0-0-0\" class=\"so-panel widget widget_newstarship-title panel-first-child\" data-index=\"0\" ><div class=\"so-widget-newstarship-title so-widget-newstarship-title-default-d75171398898-48\"><\/div><\/div><div id=\"panel-48-0-0-1\" class=\"so-panel widget widget_siteorigin-panels-builder panel-last-child\" data-index=\"1\" ><div id=\"pl-w615872fa142cf\"  class=\"panel-layout\" ><div id=\"pg-w615872fa142cf-0\"  class=\"panel-grid panel-no-style\" ><div id=\"pgc-w615872fa142cf-0-0\"  class=\"panel-grid-cell panel-grid-cell-mobile-last\" ><div id=\"panel-w615872fa142cf-0-0-0\" class=\"so-panel widget widget_newstarship-text panel-first-child panel-last-child\" data-index=\"0\" ><div class=\"so-widget-newstarship-text so-widget-newstarship-text-default-d75171398898\"><div class=\"newstarship-simple-content\">\n        <h1>Online Advertising &amp; Digital Marketing Agentur in Deutschland<\/h1>\n<p>Sie suchen noch nach einem digitalen Marketingkonzept, das mit Leidenschaft entworfen und nach dem richtigen Ansatz erstellt wird, zusammen mit SEO, Google Ads, Social Media Management Service, Social Media Beratung &amp; Agentur in Deutschland, um Ihre Marke in den Augen der Nutzer richtig darzustellen?<\/p>\n<p>Sie haben eine Menge Rohdaten von Ihrer Website und Social Media Plattformen, aber Sie brauchen einen Service, der die Rohdaten f\u00fcr Ihren Brand visualisiert und interpretiert, um daraus eine Digital Marketing Strategie zu erstellen?<\/p>\n<p>Unsere Marketing-Agentur realisiert Web-Projekte, SEO, kreatives Design, Social Media Werbung und digitale Marketing-Dienstleistungen. Dank unserer Experten k\u00f6nnen wir die Qualit\u00e4tswahrnehmung einer Marke steigern, mit gr\u00f6\u00dferem Einfluss in k\u00fcrzester Zeit.<\/p>\n<p>Wir entwickeln kreative L\u00f6sungen und Social Media Marketing Projekte f\u00fcr eine gro\u00dfe Bandbreite von Kunden, von kleinen und mittleren Unternehmen bis hin zu gro\u00dfen Konzernen und weltbekannten Marken.<\/p>\n<p>Wir erstellen mit unseren Planungsspezialisten ein Konzept, bevor wir innovative L\u00f6sungen entwickeln. So stehen von Anfang an effiziente L\u00f6sungen fest, anstatt sie auf einer Reise mit unbekanntem Ziel zu suchen.<\/p>\n        <a \n    href=\"http:\/\/newstarship.com\/contact\/\" \n    class=\"btn btn-line-black btn-big scroll-to\"\n    target='_blank'    >\n    Hire Us Now<\/a>\n    \n<\/div><\/div><\/div><\/div><div id=\"pgc-w615872fa142cf-0-1\"  class=\"panel-grid-cell panel-grid-cell-empty\" ><\/div><\/div><\/div><\/div><\/div><div id=\"pgc-48-0-1\"  class=\"panel-grid-cell panel-grid-cell-empty\" ><\/div><\/div><\/div><div id=\"pg-48-1\"  class=\"panel-grid panel-has-style\" ><div class=\"siteorigin-panels-stretch panel-row-style panel-row-style-for-48-1\" data-stretch-type=\"full\" ><div id=\"pgc-48-1-0\"  class=\"panel-grid-cell\" ><div id=\"panel-48-1-0-0\" class=\"so-panel widget widget_media_image panel-first-child panel-last-child\" data-index=\"2\" ><img width=\"800\" height=\"610\" src=\"https:\/\/www.mandreel.com\/germany\/wp-content\/uploads\/2018\/12\/pic_5.jpg\" class=\"image wp-image-251  attachment-full size-full\" alt=\"\" loading=\"lazy\" style=\"max-width: 100%; height: auto;\" srcset=\"https:\/\/www.mandreel.com\/germany\/wp-content\/uploads\/2018\/12\/pic_5.jpg 800w, https:\/\/www.mandreel.com\/germany\/wp-content\/uploads\/2018\/12\/pic_5-300x229.jpg 300w, https:\/\/www.mandreel.com\/germany\/wp-content\/uploads\/2018\/12\/pic_5-768x586.jpg 768w, https:\/\/www.mandreel.com\/germany\/wp-content\/uploads\/2018\/12\/pic_5-400x305.jpg 400w\" sizes=\"(max-width: 800px) 100vw, 800px\" \/><\/div><\/div><div id=\"pgc-48-1-1\"  class=\"panel-grid-cell\" ><div id=\"panel-48-1-1-0\" class=\"so-panel widget widget_newstarship-text panel-first-child panel-last-child\" data-index=\"3\" ><div class=\"so-widget-newstarship-text so-widget-newstarship-text-default-d75171398898-48\"><div class=\"newstarship-simple-content\">\n            <h2 >Wie kann eine Digital Marketing Agentur Ihnen beim Wachstum Ihres Unternehmens helfen?<\/h2>\n        <p>Immer mehr Unternehmen setzen auf das Internet, um ihre Zielkunden zu erreichen. Um konkurrenzf\u00e4hig zu bleiben, m\u00fcssen Sie daran arbeiten, Ihr Unternehmen so zu pr\u00e4sentieren, dass sich Ihre Marke von anderen Marken abhebt.<\/p>\n<p>Mit digitalen Marketing-Services wie Google Ads oder SEO k\u00f6nnen Sie nicht nur Ihren Brand aufbauen, sondern auch eine treue Kundenbasis gewinnen, die auch in Zukunft bei Ihnen kaufen und Ihre Produkte und Dienstleistungen weiterempfehlen wird.<\/p>\n<p>Mit Online-Kampagnen zur Markenbekanntheit k\u00f6nnen Sie im Internet ein gutes Markenimage aufbauen. Mit diesen Kampagnen erreichen Sie mehr Menschen online, um sie \u00fcber Ihr Unternehmen, Ihre Werte und Ihre Produkte oder Dienstleistungen zu informieren.<\/p>\n<p>Wenn Ihre Marke bekannt wird, gewinnen Sie das Vertrauen Ihrer Kunden, was wiederum dazu f\u00fchrt, dass andere Menschen bei Ihnen kaufen und Ihre Produkte und Dienstleistungen ihren Freunden und Familienmitgliedern empfehlen.<\/p>\n<p>Durch digitales Marketing k\u00f6nnen Sie Ihren potenziellen und bestehenden Kunden auch ein besseres Nutzererlebnis bieten. Mit Hilfe des Internets sind Informationen \u00fcber Ihre Produkte und Dienstleistungen f\u00fcr Ihre Kunden leicht online abrufbar. Au\u00dferdem k\u00f6nnen sie Ihnen online Fragen stellen und schnell Antworten erhalten, ohne dass sie zum Telefon greifen m\u00fcssen.<\/p>\n<p>Digitales Marketing erm\u00f6glicht es Ihnen au\u00dferdem, sich besser mit Ihren potenziellen und bestehenden Kunden zu vernetzen und starke Beziehungen aufzubauen. Im Vergleich zu traditionellen Kommunikationsformen wie Druckerzeugnissen ist es einfacher, wertvolle Daten aus fr\u00fcheren Marketingkampagnen zu sammeln, die online durchgef\u00fchrt wurden. Mit diesen Erkenntnissen k\u00f6nnen Sie Ihre idealen Kunden auf eine Art und Weise ansprechen, die direkt auf ihre Bed\u00fcrfnisse und W\u00fcnsche eingeht.<\/p>\n<p>Au\u00dferdem k\u00f6nnen Sie sie um ihr Feedback zu den angebotenen Produkten und Dienstleistungen bitten, sie nach Verbesserungsm\u00f6glichkeiten fragen und ihre Meinung dar\u00fcber erfahren, welche Art von Produkten und Dienstleistungen Sie ihnen in Zukunft anbieten sollten.<\/p>\n<p>Mit all diesen wertvollen Informationen sind Sie in der Lage, Ihr aktuelles Angebot so zu gestalten, dass es den Bed\u00fcrfnissen Ihrer Kunden am besten entspricht. Indem Sie Ihre Zielgruppe besser verstehen und die Angebote pr\u00e4sentieren, die sie sich w\u00fcnschen, werden Sie mehr Leads und Verk\u00e4ufe erzielen.<\/p>\n<p>Die Online-Vermarktung Ihres Unternehmens, Ihrer Produkte und Dienstleistungen kann auch schrittweise erfolgen, so dass Sie im Rahmen Ihres Budgets arbeiten k\u00f6nnen. Und wenn Sie soweit sind, mehr f\u00fcr Ihr Marketing auszugeben, k\u00f6nnen Sie Ihr Marketingbudget langsam erh\u00f6hen. Dies ist besonders sinnvoll f\u00fcr Start-ups oder kleine Unternehmen, die nur begrenzte Ressourcen f\u00fcr ihr Wachstum haben.<\/p>\n        <a \n    href=\"https:\/\/www.newstarship.com\/about-us\/\" \n    class=\"btn-custom\"\n        >\n    Read More<\/a>\n    \n<\/div><\/div><\/div><\/div><\/div><\/div><div id=\"pg-48-2\"  class=\"panel-grid panel-has-style\" ><div class=\"panel-row-style panel-row-style-for-48-2\" ><div id=\"pgc-48-2-0\"  class=\"panel-grid-cell\" ><div id=\"panel-48-2-0-0\" class=\"so-panel widget widget_newstarship-service-grid panel-first-child panel-last-child\" data-index=\"4\" ><div class=\"so-widget-newstarship-service-grid so-widget-newstarship-service-grid-default-d75171398898-48\"><div class=\"row\">\r\n<div class=\"col-md-4 text-middle text-light wow fadeInRight\" data-wow-delay=\"0\">\r\n\t<div class=\"shadow-soft single-service-wrap\" data-bgimage=\"url()\" style=\"background-image: url();\">\r\n\t\t<div class=\"padding40 overlay40\">\r\n\t\t\t<h3>SEO Agentur &#038; Management | Suchmaschinenoptimierung<\/h3>\r\n\t\t\t<p>Sie suchen nach verschiedenen SEO-Agenturen und sind sich nicht sicher, welche Agentur Sie w\u00e4hlen sollen? Suchmaschinenoptimierung durch Experten in Deutschland. Unsere SEO-Services und unser Management steigern die Sichtbarkeit Ihres Unternehmens und gewinnen Sie mehr Kunden. Egal wie gro\u00df Ihr Unternehmen ist oder in welcher Branche Sie sind, unsere SEO-Pakete sind darauf zugeschnitten, die besten Ergebnisse [&hellip;]<\/p>\n\t\t\t<a href=\"https:\/\/www.mandreel.com\/germany\/seo-suchmaschinenoptimierung-agentur-management-beratung\/\" class=\"btn-line btn-fullwidth\">Service Details<\/a>\r\n\t\t<\/div>\r\n\t<\/div>\r\n<\/div>\r\n<div class=\"col-md-4 text-middle text-light wow fadeInRight\" data-wow-delay=\"0\">\r\n\t<div class=\"shadow-soft single-service-wrap\" data-bgimage=\"url()\" style=\"background-image: url();\">\r\n\t\t<div class=\"padding40 overlay40\">\r\n\t\t\t<h3>Social Media Marketing Agentur<\/h3>\r\n\t\t\t<p>Was ist Social Media Marketing? Einfach ausgedr\u00fcckt bedeutet Social Media Advertising, dass Ihr Unternehmen \u00fcber Social Media Plattformen beworben wird, um die Aufmerksamkeit der Menschen auf sich zu lenken. Verschiedene Anwendungen werden zur Werbung \u00fcber social media agentur genutzt. Es gibt verschiedene Arten von Social Media Werbung. Unter diesen Typen werden heutzutage vor allem die [&hellip;]<\/p>\n\t\t\t<a href=\"https:\/\/www.mandreel.com\/germany\/social-media-marketing-agentur-consulting-beratung\/\" class=\"btn-line btn-fullwidth\">Service Details<\/a>\r\n\t\t<\/div>\r\n\t<\/div>\r\n<\/div>\r\n<\/div><\/div><\/div><\/div><\/div><\/div><div id=\"pg-48-3\"  class=\"panel-grid panel-no-style\" ><div id=\"pgc-48-3-0\"  class=\"panel-grid-cell\" ><div id=\"panel-48-3-0-0\" class=\"so-panel widget widget_sow-editor panel-first-child panel-last-child\" data-index=\"5\" ><div class=\"so-widget-sow-editor so-widget-sow-editor-base\"><h3 class=\"widget-title\">Warum sollten Sie Digital Marketing Experten einsetzen, um Ihr Unternehmen zu f\u00f6rdern?<\/h3>\n<div class=\"siteorigin-widget-tinymce textwidget\">\n\t<p>Die Optimierung Ihrer digitalen Marketingstrategien kann eine Herausforderung sein, besonders wenn Sie in diesem Bereich keine Erfahrung haben. Und es kann sehr zeitaufwendig sein, konsequent Pr\u00e4senz zu zeigen und neue Inhalte f\u00fcr Ihre Zielkunden bereitzustellen.<\/p>\n<p>Mit Hilfe einer Agentur f\u00fcr digitales Marketing in Deutschland k\u00f6nnen Sie sich entspannt zur\u00fccklehnen, mit dem Wissen, dass wir uns um Ihre Online-Pr\u00e4senz k\u00fcmmern. Dabei k\u00f6nnen Sie Ihre kostbare Zeit nutzen, um Ihr Unternehmen mit den Ma\u00dfnahmen voran zu bringen, die in Ihrem Fachgebiet liegen.<\/p>\n<p>Wenn Sie bisher Ihre digitalen Marketing-Kampagnen selbst durchgef\u00fchrt und dabei nicht die gew\u00fcnschten Ergebnisse erzielt haben, dann ist es f\u00fcr Sie am besten, die Arbeit an bew\u00e4hrte Digital Marketing Experten zu \u00fcbergeben, damit Sie nicht noch mehr Zeit und Geld verlieren.<\/p>\n<p>Digital Marketing Experten k\u00f6nnen Ihnen helfen, Ihre Marke online aufzubauen und Ihre Leads und Verk\u00e4ufe durch effektive Online Marketing Strategien zu vervielfachen.<\/p>\n<p>Diese Menschen betreuen mit Erfolg Kunden aus zahlreichen Bereichen und erzielen dabei immer wieder gro\u00dfartige Ergebnisse. Sie verf\u00fcgen in diesem Bereich \u00fcber die n\u00f6tige Erfahrung und das Know-how, wie Ihr digitales Marketing hervorragend funktionieren kann.<\/p>\n<p>Und eine der besten M\u00f6glichkeiten, solche Experten zu finden, ist die Zusammenarbeit mit einer Agentur f\u00fcr digitales Marketing.<\/p>\n<p>&nbsp;<\/p>\n<\/div>\n<\/div><\/div><\/div><\/div><div id=\"pg-48-4\"  class=\"panel-grid panel-has-style\" ><div class=\"panel-row-style panel-row-style-for-48-4\" ><div id=\"pgc-48-4-0\"  class=\"panel-grid-cell\" ><div id=\"panel-48-4-0-0\" class=\"so-panel widget widget_nss-counter panel-first-child panel-last-child\" data-index=\"6\" ><div class=\"so-widget-nss-counter so-widget-nss-counter-default-d75171398898-318\">\n\t\t\t<div class=\"col-md-6 wow fadeIn\" data-wow-delay=\"0\">\n\t\t\t<div class=\"de_count\">\n\t\t\t\t<h3 class=\"timer\" data-to=\"2350\" data-speed=\"2500\" >2350<\/h3>\n\t\t\t\t<span >HOURS OF WORKS<\/span>\n\t\t\t<\/div>\n\t\t<\/div>\n\t\t\t<div class=\"col-md-6 wow fadeIn\" data-wow-delay=\"0\">\n\t\t\t<div class=\"de_count\">\n\t\t\t\t<h3 class=\"timer\" data-to=\"128\" data-speed=\"2500\" >128<\/h3>\n\t\t\t\t<span >PROJECTS COMPLETE<\/span>\n\t\t\t<\/div>\n\t\t<\/div>\n\t\t\t<div class=\"col-md-6 wow fadeIn\" data-wow-delay=\"0\">\n\t\t\t<div class=\"de_count\">\n\t\t\t\t<h3 class=\"timer\" data-to=\"750\" data-speed=\"2500\" >750<\/h3>\n\t\t\t\t<span >SLICE OF PIZZA<\/span>\n\t\t\t<\/div>\n\t\t<\/div>\n\t\t\t<div class=\"col-md-6 wow fadeIn\" data-wow-delay=\"0\">\n\t\t\t<div class=\"de_count\">\n\t\t\t\t<h3 class=\"timer\" data-to=\"520\" data-speed=\"2500\" >520<\/h3>\n\t\t\t\t<span >CUPS OF COFFEE<\/span>\n\t\t\t<\/div>\n\t\t<\/div>\n\t<\/div><\/div><\/div><div id=\"pgc-48-4-1\"  class=\"panel-grid-cell\" ><div id=\"panel-48-4-1-0\" class=\"so-panel widget widget_media_image panel-first-child panel-last-child\" data-index=\"7\" ><img width=\"800\" height=\"610\" src=\"https:\/\/www.mandreel.com\/germany\/wp-content\/uploads\/2018\/12\/pic_6.jpg\" class=\"image wp-image-141  attachment-full size-full\" alt=\"\" loading=\"lazy\" style=\"max-width: 100%; height: auto;\" srcset=\"https:\/\/www.mandreel.com\/germany\/wp-content\/uploads\/2018\/12\/pic_6.jpg 800w, https:\/\/www.mandreel.com\/germany\/wp-content\/uploads\/2018\/12\/pic_6-300x229.jpg 300w, https:\/\/www.mandreel.com\/germany\/wp-content\/uploads\/2018\/12\/pic_6-768x586.jpg 768w, https:\/\/www.mandreel.com\/germany\/wp-content\/uploads\/2018\/12\/pic_6-400x305.jpg 400w\" sizes=\"(max-width: 800px) 100vw, 800px\" \/><\/div><\/div><\/div><\/div><\/div>","protected":false},"excerpt":{"rendered":"<p>Was ist Social Media Marketing? Einfach ausgedr\u00fcckt bedeutet Social Media Advertising, dass Ihr Unternehmen \u00fcber Social Media Plattformen beworben wird, um die Aufmerksamkeit der Menschen auf sich zu lenken. Verschiedene Anwendungen werden zur Werbung \u00fcber social media agentur genutzt. Es gibt verschiedene Arten von Social Media Werbung. Unter diesen Typen werden heutzutage vor allem die [&hellip;]<\/p>\n","protected":false},"author":1,"featured_media":0,"parent":0,"menu_order":0,"comment_status":"closed","ping_status":"closed","template":"","meta":{"_monsterinsights_skip_tracking":false,"_monsterinsights_sitenote_active":false,"_monsterinsights_sitenote_note":"","_monsterinsights_sitenote_category":0},"yoast_head":"<!-- This site is optimized with the Yoast SEO plugin v17.4 - https:\/\/yoast.com\/wordpress\/plugins\/seo\/ -->\n<title>Beste Online Marketing Agentur | Digitales Unternehmen &amp; Beratung in Deutschland<\/title>\n<meta name=\"description\" content=\"Suchen Sie verschiedene online Marketing agenturen? Als leistungsorientierte Online- und digitale Marketing agentur in Deutschland liefern wir durch strategische Partnerschaften messbare Ergebnisse &amp; qualifizierte Leads f\u00fcr alle Kunden. Erhalten Sie so schnell wie m\u00f6glich die besten Ergebnisse auf Ihrer Online-Pr\u00e4senz.\" \/>\n<meta name=\"robots\" content=\"index, follow, max-snippet:-1, max-image-preview:large, max-video-preview:-1\" \/>\n<link rel=\"canonical\" href=\"https:\/\/www.mandreel.com\/germany\/\" \/>\n<meta property=\"og:locale\" content=\"de_DE\" \/>\n<meta property=\"og:type\" content=\"article\" \/>\n<meta property=\"og:title\" content=\"Beste Online Marketing Agentur | Digitales Unternehmen &amp; Beratung in Deutschland\" \/>\n<meta property=\"og:description\" content=\"Suchen Sie verschiedene online Marketing agenturen? Als leistungsorientierte Online- und digitale Marketing agentur in Deutschland liefern wir durch strategische Partnerschaften messbare Ergebnisse &amp; qualifizierte Leads f\u00fcr alle Kunden. Erhalten Sie so schnell wie m\u00f6glich die besten Ergebnisse auf Ihrer Online-Pr\u00e4senz.\" \/>\n<meta property=\"og:url\" content=\"https:\/\/www.mandreel.com\/germany\/\" \/>\n<meta property=\"og:site_name\" content=\"Mandreel\" \/>\n<meta property=\"article:modified_time\" content=\"2021-10-08T01:33:27+00:00\" \/>\n<meta name=\"twitter:card\" content=\"summary_large_image\" \/>\n<meta name=\"twitter:label1\" content=\"Est. reading time\" \/>\n\t<meta name=\"twitter:data1\" content=\"2 minutes\" \/>\n<script type=\"application\/ld+json\" class=\"yoast-schema-graph\">{\"@context\":\"https:\/\/schema.org\",\"@graph\":[{\"@type\":\"WebSite\",\"@id\":\"https:\/\/www.mandreel.com\/germany\/#website\",\"url\":\"https:\/\/www.mandreel.com\/germany\/\",\"name\":\"Mandreel\",\"description\":\"One Stop Solution with Your Branding Needs\",\"potentialAction\":[{\"@type\":\"SearchAction\",\"target\":{\"@type\":\"EntryPoint\",\"urlTemplate\":\"https:\/\/www.mandreel.com\/germany\/?s={search_term_string}\"},\"query-input\":\"required name=search_term_string\"}],\"inLanguage\":\"en-US\"},{\"@type\":\"WebPage\",\"@id\":\"https:\/\/www.mandreel.com\/germany\/#webpage\",\"url\":\"https:\/\/www.mandreel.com\/germany\/\",\"name\":\"Beste Online Marketing Agentur | Digitales Unternehmen & Beratung in Deutschland\",\"isPartOf\":{\"@id\":\"https:\/\/www.mandreel.com\/germany\/#website\"},\"datePublished\":\"2018-12-25T06:10:12+00:00\",\"dateModified\":\"2021-10-08T01:33:27+00:00\",\"description\":\"Suchen Sie verschiedene online Marketing agenturen? Als leistungsorientierte Online- und digitale Marketing agentur in Deutschland liefern wir durch strategische Partnerschaften messbare Ergebnisse & qualifizierte Leads f\\u00fcr alle Kunden. Erhalten Sie so schnell wie m\\u00f6glich die besten Ergebnisse auf Ihrer Online-Pr\\u00e4senz.\",\"breadcrumb\":{\"@id\":\"https:\/\/www.mandreel.com\/germany\/#breadcrumb\"},\"inLanguage\":\"en-US\",\"potentialAction\":[{\"@type\":\"ReadAction\",\"target\":[\"https:\/\/www.mandreel.com\/germany\/\"]}]},{\"@type\":\"BreadcrumbList\",\"@id\":\"https:\/\/www.mandreel.com\/germany\/#breadcrumb\",\"itemListElement\":[{\"@type\":\"ListItem\",\"position\":1,\"name\":\"Home\",\"item\":\"https:\/\/www.mandreel.com\/germany\/\"},{\"@type\":\"ListItem\",\"position\":2,\"name\":\"Home\"}]}]}<\/script>\n<!-- \/ Yoast SEO plugin. -->","yoast_head_json":{"title":"Beste Online Marketing Agentur | Digitales Unternehmen & Beratung in Deutschland","description":"Suchen Sie verschiedene online Marketing agenturen? Als leistungsorientierte Online- und digitale Marketing agentur in Deutschland liefern wir durch strategische Partnerschaften messbare Ergebnisse & qualifizierte Leads f\u00fcr alle Kunden. Erhalten Sie so schnell wie m\u00f6glich die besten Ergebnisse auf Ihrer Online-Pr\u00e4senz.","robots":{"index":"index","follow":"follow","max-snippet":"max-snippet:-1","max-image-preview":"max-image-preview:large","max-video-preview":"max-video-preview:-1"},"canonical":"https:\/\/www.mandreel.com\/germany\/","og_locale":"de_DE","og_type":"article","og_title":"Beste Online Marketing Agentur | Digitales Unternehmen & Beratung in Deutschland","og_description":"Suchen Sie verschiedene online Marketing agenturen? Als leistungsorientierte Online- und digitale Marketing agentur in Deutschland liefern wir durch strategische Partnerschaften messbare Ergebnisse & qualifizierte Leads f\u00fcr alle Kunden. Erhalten Sie so schnell wie m\u00f6glich die besten Ergebnisse auf Ihrer Online-Pr\u00e4senz.","og_url":"https:\/\/www.mandreel.com\/germany\/","og_site_name":"Mandreel","article_modified_time":"2021-10-08T01:33:27+00:00","twitter_card":"summary_large_image","twitter_misc":{"Est. reading time":"2 minutes"},"schema":{"@context":"https:\/\/schema.org","@graph":[{"@type":"WebSite","@id":"https:\/\/www.mandreel.com\/germany\/#website","url":"https:\/\/www.mandreel.com\/germany\/","name":"Mandreel","description":"One Stop Solution with Your Branding Needs","potentialAction":[{"@type":"SearchAction","target":{"@type":"EntryPoint","urlTemplate":"https:\/\/www.mandreel.com\/germany\/?s={search_term_string}"},"query-input":"required name=search_term_string"}],"inLanguage":"en-US"},{"@type":"WebPage","@id":"https:\/\/www.mandreel.com\/germany\/#webpage","url":"https:\/\/www.mandreel.com\/germany\/","name":"Beste Online Marketing Agentur | Digitales Unternehmen & Beratung in Deutschland","isPartOf":{"@id":"https:\/\/www.mandreel.com\/germany\/#website"},"datePublished":"2018-12-25T06:10:12+00:00","dateModified":"2021-10-08T01:33:27+00:00","description":"Suchen Sie verschiedene online Marketing agenturen? Als leistungsorientierte Online- und digitale Marketing agentur in Deutschland liefern wir durch strategische Partnerschaften messbare Ergebnisse & qualifizierte Leads f\u00fcr alle Kunden. Erhalten Sie so schnell wie m\u00f6glich die besten Ergebnisse auf Ihrer Online-Pr\u00e4senz.","breadcrumb":{"@id":"https:\/\/www.mandreel.com\/germany\/#breadcrumb"},"inLanguage":"en-US","potentialAction":[{"@type":"ReadAction","target":["https:\/\/www.mandreel.com\/germany\/"]}]},{"@type":"BreadcrumbList","@id":"https:\/\/www.mandreel.com\/germany\/#breadcrumb","itemListElement":[{"@type":"ListItem","position":1,"name":"Home","item":"https:\/\/www.mandreel.com\/germany\/"},{"@type":"ListItem","position":2,"name":"Home"}]}]}},"_links":{"self":[{"href":"https:\/\/www.mandreel.com\/germany\/wp-json\/wp\/v2\/pages\/48"}],"collection":[{"href":"https:\/\/www.mandreel.com\/germany\/wp-json\/wp\/v2\/pages"}],"about":[{"href":"https:\/\/www.mandreel.com\/germany\/wp-json\/wp\/v2\/types\/page"}],"author":[{"embeddable":true,"href":"https:\/\/www.mandreel.com\/germany\/wp-json\/wp\/v2\/users\/1"}],"replies":[{"embeddable":true,"href":"https:\/\/www.mandreel.com\/germany\/wp-json\/wp\/v2\/comments?post=48"}],"version-history":[{"count":46,"href":"https:\/\/www.mandreel.com\/germany\/wp-json\/wp\/v2\/pages\/48\/revisions"}],"predecessor-version":[{"id":1731,"href":"https:\/\/www.mandreel.com\/germany\/wp-json\/wp\/v2\/pages\/48\/revisions\/1731"}],"wp:attachment":[{"href":"https:\/\/www.mandreel.com\/germany\/wp-json\/wp\/v2\/media?parent=48"}],"curies":[{"name":"wp","href":"https:\/\/api.w.org\/{rel}","templated":true}]}}