{"id":400,"date":"2019-06-29T10:06:56","date_gmt":"2019-06-29T10:06:56","guid":{"rendered":"https:\/\/www.jibdara.com\/tf-wp-demo\/gunter\/?page_id=400"},"modified":"2022-08-15T04:34:34","modified_gmt":"2022-08-15T04:34:34","slug":"ve-chung-toi","status":"publish","type":"page","link":"https:\/\/www.mandreel.com\/vietnam\/ve-chung-toi\/","title":{"rendered":"V\u1ec1 ch\u00fang t\u00f4i"},"content":{"rendered":"<p>[vc_section][vc_row full_width=&#8221;stretch_row_content_no_spaces&#8221;][vc_column]\r\n        <div class=\"uk-about about-area uk-section\">\r\n            <div class=\"uk-container\">\r\n                <div class=\"uk-grid uk-grid-match uk-grid-medium uk-child-width-1-2@m uk-child-width-1-1@s\">\r\n                    <div class=\"item\">\r\n                        <div class=\"about-content\">\r\n                            <div id=\"about\" class=\"uk-section-title section-title\">\r\n                                <span>C\u1ec1 Ch\u00fang T\u00f4i<\/span>\r\n                                <h2>- Lu\u00f4n n\u0103ng n\u1ed5 v\u00e0 \u0111i \u0111\u1ea7u trong ng\u00e0nh c\u00f4ng nghi\u1ec7p \u0111\u1ed5i m\u1edbi<\/h2>\r\n                                <div class=\"bar\"><\/div>\r\n                            <\/div>\r\n\r\n                            <div class=\"about-text\">\r\n                                V\u1edbi s\u1ef1 kh\u00f4ng ng\u1eebng ph\u00e1t tri\u1ec3n c\u1ee7a \u0111\u1ed9ng l\u1ef1c th\u1ecb tr\u01b0\u1eddng ng\u00e0y nay, c\u00e1c doanh nghi\u1ec7p \u0111ang ph\u1ea3i \u0111\u1ed1i m\u1eb7t v\u1edbi r\u1ee7i ro v\u00e0 s\u1ef1 k\u1ef3 v\u1ecdng c\u1ee7a kh\u00e1ch h\u00e0ng h\u01a1n bao gi\u1edd h\u1ebft. L\u00e0 nh\u00e0 l\u00e3nh \u0111\u1ea1o doanh nghi\u1ec7p, b\u1ea1n ph\u1ea3i c\u00f3 kh\u1ea3 n\u0103ng t\u1ed1i \u0111a h\u00f3a m\u1ecdi c\u01a1 h\u1ed9i v\u00e0 th\u00edch \u1ee9ng v\u1edbi c\u00e1c c\u00f4ng c\u1ee5 v\u00e0 c\u00f4ng ngh\u1ec7 ho\u00e0n to\u00e0n m\u1edbi \u0111\u1ec3 \u0111\u1ea3m b\u1ea3o cho t\u01b0\u01a1ng lai c\u1ee7a c\u00f4ng ty b\u1ea1n. Nh\u01b0ng b\u1ea1n ph\u1ea3i l\u00e0m nh\u01b0 th\u1ebf n\u00e0o trong khi c\u00f3 qu\u00e1 nhi\u1ec1u gi\u00e1n \u0111o\u1ea1n tr\u00ean con \u0111\u01b0\u1eddng ph\u00e1t tri\u1ec3n c\u1ee7a c\u00f4ng ty b\u1ea1n? V\u00e2ng, b\u1ea1n kh\u00f4ng c\u00f2n c\u1ea7n ph\u1ea3i lo l\u1eafng v\u00ec ch\u00fang t\u00f4i \u1edf \u0111\u00e2y \u0111\u1ec3 gi\u00fap \u0111\u1ee1.<\/p>\n<p>D\u1ecbch v\u1ee5 t\u01b0 v\u1ea5n kinh doanh c\u1ee7a ch\u00fang t\u00f4i s\u1eb5n s\u00e0ng cung c\u1ea5p cho b\u1ea1n s\u1ef1 chuy\u00ean nghi\u1ec7p t\u1eeb \u0111\u1ea7u \u0111\u1ebfn cu\u1ed1i, \u0111\u1ec3 gi\u00fap b\u1ea1n ph\u00e1t tri\u1ec3n v\u00e0 th\u00edch \u1ee9ng v\u1edbi xu h\u01b0\u1edbng c\u1ea1nh tranh c\u1ee7a th\u1ecb tr\u01b0\u1eddng.<\/p>\n<p>Ch\u00fang t\u00f4i \u1edf \u0111\u00e2y kh\u00f4ng ch\u1ec9 \u0111\u1ec3 cung c\u1ea5p cho b\u1ea1n c\u00e1c k\u1ebf ho\u1ea1ch, chi\u1ebfn thu\u1eadt t\u1eeb c\u00e1c nh\u00e0 t\u01b0 v\u1ea5n chuy\u00ean nghi\u1ec7p \u0111\u1ec3 c\u1ea3i thi\u1ec7n hi\u1ec7u qu\u1ea3 ho\u1ea1t \u0111\u1ed9ng c\u1ee7a c\u00f4ng ty b\u1ea1n, m\u00e0 c\u00e1c chuy\u00ean gia c\u1ee7a ch\u00fang t\u00f4i c\u00f2n t\u1ef1 h\u00e0o v\u1ec1 gi\u00e1 tr\u1ecb \u201ch\u01b0\u1edbng \u0111\u1ebfn kh\u00e1ch h\u00e0ng\u201d. Tuy d\u1ef1 \u00e1n c\u1ee7a b\u1ea1n c\u00f3 v\u1ebb kh\u00f3 kh\u0103n, ch\u00fang t\u00f4i s\u1ebd lu\u00f4n cung c\u1ea5p c\u00e1c gi\u1ea3i ph\u00e1p kh\u00e1c nhau cho doanh nghi\u1ec7p c\u1ee7a b\u1ea1n . C\u00e1c chuy\u00ean gia c\u1ee7a ch\u00fang t\u00f4i s\u1ebd h\u01b0\u1edbng d\u1eabn b\u1ea1n t\u1eebng b\u01b0\u1edbc \u0111\u1ec3 h\u01b0\u1edbng t\u1edbi ti\u1ec1m n\u0103ng c\u1ee7a b\u1ea1n b\u1eb1ng c\u00e1ch cung c\u1ea5p cho b\u1ea1n k\u1ebf ho\u1ea1ch chi ti\u1ebft ph\u00f9 h\u1ee3p \u0111\u1ec3 \u0111\u1ea1t \u0111\u01b0\u1ee3c c\u00e1c m\u1ee5c ti\u00eau kinh doanh c\u1ee7a b\u1ea1n.\r\n\r\n                                <div class=\"signature\">\r\n                                        \r\n                                            <img src=\"https:\/\/www.mandreel.com\/vietnam\/wp-content\/uploads\/2019\/04\/signature-1-1.png\" alt=\"C\u1ec1 Ch\u00fang T\u00f4i\">\r\n                                          \r\n                                    \r\n                                <\/div>\r\n                            <\/div>\r\n                        <\/div>\r\n                    <\/div>\r\n\r\n                    <div class=\"item\">\r\n                        <div class=\"about-img\">\r\n                                \r\n                                    <img src=\"https:\/\/www.mandreel.com\/vietnam\/wp-content\/uploads\/2019\/04\/about1-1-1.jpg\" class=\"about-img1\" alt=\"about-img\">\r\n                                  \r\n                            \r\n                                \r\n                                    <img src=\"https:\/\/www.mandreel.com\/vietnam\/wp-content\/uploads\/2019\/04\/about2-1-1.jpg\" class=\"about-img2\" alt=\"about-img\">\r\n                                \r\n                                \r\n                                \r\n                                    <img src=\"https:\/\/www.mandreel.com\/vietnam\/wp-content\/themes\/gunter\/assets\/img\/1.png\" class=\"shape-img\" alt=\"shape\">\r\n                                \r\n                                \r\n                                <a href=\"https:\/\/www.mandreel.com\/vietnam\/ve-chung-toi\/\" class=\"uk-button uk-button-default lax\" data-lax-translate-x=\"vh 100, -elh -100\" data-lax-anchor=\"self\">More About Us<i class=\"flaticon-right\"><\/i><\/a>\r\n                            \r\n                        <\/div>\r\n                    <\/div>\r\n                <\/div>\r\n            <\/div>\r\n        <\/div>[\/vc_column][\/vc_row][\/vc_section][vc_section][vc_row full_width=&#8221;stretch_row_content_no_spaces&#8221;][vc_column]\r\n        <div class=\"separate \">\r\n            <div class=\"br-line\"><\/div>\r\n        <\/div>[\/vc_column][\/vc_row][\/vc_section][vc_section][vc_row full_width=&#8221;stretch_row_content_no_spaces&#8221;][vc_column]\r\n        <div id=\"clients\" class=\"feedback-area uk-section uk-feedback\">\r\n            <div class=\"uk-container\">\r\n                <div class=\"uk-grid uk-grid-match uk-grid-medium uk-child-width-1-2@m uk-child-width-1-1@s\">\r\n                    <div class=\"item\">\r\n                        <div class=\"feedback-img\">\r\n                            \r\n                                <img src=\"https:\/\/www.mandreel.com\/vietnam\/wp-content\/uploads\/2020\/03\/banner-illustration.png\" alt=\"\">\r\n                                <img src=\"https:\/\/www.mandreel.com\/vietnam\/wp-content\/themes\/gunter\/assets\/img\/1.png\" class=\"shape-img\" alt=\"\">\r\n                            \r\n\r\n                             \r\n                        <\/div>\r\n                    <\/div>\r\n\r\n                    <div class=\"item\">\r\n                        <div class=\"feedback-inner\">\r\n                            <div class=\"uk-section-title section-title\">\r\n                                <span><\/span>\r\n                                <h2><\/h2>\r\n                                <div class=\"bar\"><\/div>\r\n                            <\/div>\r\n\r\n                            <div class=\"feedback-slides owl-carousel owl-theme\">\r\n                            <\/div>\r\n                        <\/div>\r\n                    <\/div>\r\n                <\/div>\r\n            <\/div>\r\n        <\/div>[\/vc_column][\/vc_row][\/vc_section][vc_section][vc_row full_width=&#8221;stretch_row_content_no_spaces&#8221;][vc_column]\n            <div class=\"partner-area uk-section uk-padding-remove-top \">\n                <div class=\"uk-container\">\n                    <div class=\"partner-slides owl-carousel owl-theme\">\n                        <div class=\"item\">\n                            <a href=\"#\">\n                                \n                                    <img src=\"https:\/\/www.mandreel.com\/vietnam\/wp-content\/uploads\/2022\/07\/intco-logo-2.png\" alt=\"logos\"\/>\n                                \n                            <\/a>\n                        <\/div>\n                        <div class=\"item\">\n                            <a href=\"#\">\n                                \n                                    <img src=\"https:\/\/www.mandreel.com\/vietnam\/wp-content\/uploads\/2022\/07\/Acer_logo_logo-1024x245.png\" alt=\"logos\"\/>\n                                \n                            <\/a>\n                        <\/div>\n                        <div class=\"item\">\n                            <a href=\"#\">\n                                \n                                    <img src=\"https:\/\/www.mandreel.com\/vietnam\/wp-content\/uploads\/2022\/07\/beardpapa_logo.png\" alt=\"logos\"\/>\n                                \n                            <\/a>\n                        <\/div>\n                        <div class=\"item\">\n                            <a href=\"#\">\n                                \n                                    <img src=\"https:\/\/www.mandreel.com\/vietnam\/wp-content\/uploads\/2022\/07\/shangrila-hotel-logo.png\" alt=\"logos\"\/>\n                                \n                            <\/a>\n                        <\/div>\n                    <\/div>\n                <\/div>\n            <\/div>[\/vc_column][\/vc_row][\/vc_section][vc_section el_class=&#8221;team-area uk-team uk-section&#8221;][\/vc_section]<\/p>\n","protected":false},"excerpt":{"rendered":"<p>[vc_section][vc_row full_width=&#8221;stretch_row_content_no_spaces&#8221;][vc_column][\/vc_column][\/vc_row][\/vc_section][vc_section][vc_row full_width=&#8221;stretch_row_content_no_spaces&#8221;][vc_column][\/vc_column][\/vc_row][\/vc_section][vc_section][vc_row full_width=&#8221;stretch_row_content_no_spaces&#8221;][vc_column][\/vc_column][\/vc_row][\/vc_section][vc_section][vc_row full_width=&#8221;stretch_row_content_no_spaces&#8221;][vc_column][\/vc_column][\/vc_row][\/vc_section][vc_section el_class=&#8221;team-area uk-team uk-section&#8221;][\/vc_section]<\/p>\n","protected":false},"author":1,"featured_media":0,"parent":0,"menu_order":0,"comment_status":"closed","ping_status":"closed","template":"","meta":[],"acf":[],"yoast_head":"<!-- This site is optimized with the Yoast SEO plugin v19.4 - https:\/\/yoast.com\/wordpress\/plugins\/seo\/ -->\n<title>V\u1ec1 ch\u00fang t\u00f4i - Mandreel Vi\u1ec7t Nam<\/title>\n<meta name=\"robots\" content=\"index, follow, max-snippet:-1, max-image-preview:large, max-video-preview:-1\" \/>\n<link rel=\"canonical\" href=\"https:\/\/www.mandreel.com\/vietnam\/ve-chung-toi\/\" \/>\n<meta property=\"og:locale\" content=\"vi_VN\" \/>\n<meta property=\"og:type\" content=\"article\" \/>\n<meta property=\"og:title\" content=\"V\u1ec1 ch\u00fang t\u00f4i - Mandreel Vi\u1ec7t Nam\" \/>\n<meta property=\"og:description\" content=\"[vc_section][vc_row full_width=&#8221;stretch_row_content_no_spaces&#8221;][vc_column][\/vc_column][\/vc_row][\/vc_section][vc_section][vc_row full_width=&#8221;stretch_row_content_no_spaces&#8221;][vc_column][\/vc_column][\/vc_row][\/vc_section][vc_section][vc_row full_width=&#8221;stretch_row_content_no_spaces&#8221;][vc_column][\/vc_column][\/vc_row][\/vc_section][vc_section][vc_row full_width=&#8221;stretch_row_content_no_spaces&#8221;][vc_column][\/vc_column][\/vc_row][\/vc_section][vc_section el_class=&#8221;team-area uk-team uk-section&#8221;][\/vc_section]\" \/>\n<meta property=\"og:url\" content=\"https:\/\/www.mandreel.com\/vietnam\/ve-chung-toi\/\" \/>\n<meta property=\"og:site_name\" content=\"Mandreel Vi\u1ec7t Nam\" \/>\n<meta property=\"article:modified_time\" content=\"2022-08-15T04:34:34+00:00\" \/>\n<meta name=\"twitter:card\" content=\"summary_large_image\" \/>\n<meta name=\"twitter:label1\" content=\"Est. reading time\" \/>\n\t<meta name=\"twitter:data1\" content=\"2 minutes\" \/>\n<script type=\"application\/ld+json\" class=\"yoast-schema-graph\">{\"@context\":\"https:\/\/schema.org\",\"@graph\":[{\"@type\":\"WebSite\",\"@id\":\"https:\/\/www.mandreel.com\/vietnam\/#website\",\"url\":\"https:\/\/www.mandreel.com\/vietnam\/\",\"name\":\"Mandreel Vi\u1ec7t Nam\",\"description\":\"Mandreel Vi\u1ec7t Nam\",\"potentialAction\":[{\"@type\":\"SearchAction\",\"target\":{\"@type\":\"EntryPoint\",\"urlTemplate\":\"https:\/\/www.mandreel.com\/vietnam\/?s={search_term_string}\"},\"query-input\":\"required name=search_term_string\"}],\"inLanguage\":\"vi\"},{\"@type\":\"WebPage\",\"@id\":\"https:\/\/www.mandreel.com\/vietnam\/ve-chung-toi\/\",\"url\":\"https:\/\/www.mandreel.com\/vietnam\/ve-chung-toi\/\",\"name\":\"V\u1ec1 ch\u00fang t\u00f4i - Mandreel Vi\u1ec7t Nam\",\"isPartOf\":{\"@id\":\"https:\/\/www.mandreel.com\/vietnam\/#website\"},\"datePublished\":\"2019-06-29T10:06:56+00:00\",\"dateModified\":\"2022-08-15T04:34:34+00:00\",\"breadcrumb\":{\"@id\":\"https:\/\/www.mandreel.com\/vietnam\/ve-chung-toi\/#breadcrumb\"},\"inLanguage\":\"vi\",\"potentialAction\":[{\"@type\":\"ReadAction\",\"target\":[\"https:\/\/www.mandreel.com\/vietnam\/ve-chung-toi\/\"]}]},{\"@type\":\"BreadcrumbList\",\"@id\":\"https:\/\/www.mandreel.com\/vietnam\/ve-chung-toi\/#breadcrumb\",\"itemListElement\":[{\"@type\":\"ListItem\",\"position\":1,\"name\":\"\u9996\u9801\",\"item\":\"https:\/\/www.mandreel.com\/vietnam\/\"},{\"@type\":\"ListItem\",\"position\":2,\"name\":\"V\u1ec1 ch\u00fang t\u00f4i\"}]}]}<\/script>\n<!-- \/ Yoast SEO plugin. -->","yoast_head_json":{"title":"V\u1ec1 ch\u00fang t\u00f4i - Mandreel Vi\u1ec7t Nam","robots":{"index":"index","follow":"follow","max-snippet":"max-snippet:-1","max-image-preview":"max-image-preview:large","max-video-preview":"max-video-preview:-1"},"canonical":"https:\/\/www.mandreel.com\/vietnam\/ve-chung-toi\/","og_locale":"vi_VN","og_type":"article","og_title":"V\u1ec1 ch\u00fang t\u00f4i - Mandreel Vi\u1ec7t Nam","og_description":"[vc_section][vc_row full_width=&#8221;stretch_row_content_no_spaces&#8221;][vc_column][\/vc_column][\/vc_row][\/vc_section][vc_section][vc_row full_width=&#8221;stretch_row_content_no_spaces&#8221;][vc_column][\/vc_column][\/vc_row][\/vc_section][vc_section][vc_row full_width=&#8221;stretch_row_content_no_spaces&#8221;][vc_column][\/vc_column][\/vc_row][\/vc_section][vc_section][vc_row full_width=&#8221;stretch_row_content_no_spaces&#8221;][vc_column][\/vc_column][\/vc_row][\/vc_section][vc_section el_class=&#8221;team-area uk-team uk-section&#8221;][\/vc_section]","og_url":"https:\/\/www.mandreel.com\/vietnam\/ve-chung-toi\/","og_site_name":"Mandreel Vi\u1ec7t Nam","article_modified_time":"2022-08-15T04:34:34+00:00","twitter_card":"summary_large_image","twitter_misc":{"Est. reading time":"2 minutes"},"schema":{"@context":"https:\/\/schema.org","@graph":[{"@type":"WebSite","@id":"https:\/\/www.mandreel.com\/vietnam\/#website","url":"https:\/\/www.mandreel.com\/vietnam\/","name":"Mandreel Vi\u1ec7t Nam","description":"Mandreel Vi\u1ec7t Nam","potentialAction":[{"@type":"SearchAction","target":{"@type":"EntryPoint","urlTemplate":"https:\/\/www.mandreel.com\/vietnam\/?s={search_term_string}"},"query-input":"required name=search_term_string"}],"inLanguage":"vi"},{"@type":"WebPage","@id":"https:\/\/www.mandreel.com\/vietnam\/ve-chung-toi\/","url":"https:\/\/www.mandreel.com\/vietnam\/ve-chung-toi\/","name":"V\u1ec1 ch\u00fang t\u00f4i - Mandreel Vi\u1ec7t Nam","isPartOf":{"@id":"https:\/\/www.mandreel.com\/vietnam\/#website"},"datePublished":"2019-06-29T10:06:56+00:00","dateModified":"2022-08-15T04:34:34+00:00","breadcrumb":{"@id":"https:\/\/www.mandreel.com\/vietnam\/ve-chung-toi\/#breadcrumb"},"inLanguage":"vi","potentialAction":[{"@type":"ReadAction","target":["https:\/\/www.mandreel.com\/vietnam\/ve-chung-toi\/"]}]},{"@type":"BreadcrumbList","@id":"https:\/\/www.mandreel.com\/vietnam\/ve-chung-toi\/#breadcrumb","itemListElement":[{"@type":"ListItem","position":1,"name":"\u9996\u9801","item":"https:\/\/www.mandreel.com\/vietnam\/"},{"@type":"ListItem","position":2,"name":"V\u1ec1 ch\u00fang t\u00f4i"}]}]}},"_links":{"self":[{"href":"https:\/\/www.mandreel.com\/vietnam\/wp-json\/wp\/v2\/pages\/400"}],"collection":[{"href":"https:\/\/www.mandreel.com\/vietnam\/wp-json\/wp\/v2\/pages"}],"about":[{"href":"https:\/\/www.mandreel.com\/vietnam\/wp-json\/wp\/v2\/types\/page"}],"author":[{"embeddable":true,"href":"https:\/\/www.mandreel.com\/vietnam\/wp-json\/wp\/v2\/users\/1"}],"replies":[{"embeddable":true,"href":"https:\/\/www.mandreel.com\/vietnam\/wp-json\/wp\/v2\/comments?post=400"}],"version-history":[{"count":10,"href":"https:\/\/www.mandreel.com\/vietnam\/wp-json\/wp\/v2\/pages\/400\/revisions"}],"predecessor-version":[{"id":1420,"href":"https:\/\/www.mandreel.com\/vietnam\/wp-json\/wp\/v2\/pages\/400\/revisions\/1420"}],"wp:attachment":[{"href":"https:\/\/www.mandreel.com\/vietnam\/wp-json\/wp\/v2\/media?parent=400"}],"curies":[{"name":"wp","href":"https:\/\/api.w.org\/{rel}","templated":true}]}}