{"id":817,"date":"2019-07-19T07:56:25","date_gmt":"2019-07-19T07:56:25","guid":{"rendered":"https:\/\/www.jibdara.com\/tf-wp-demo\/gunter\/?page_id=3"},"modified":"2022-08-15T03:01:04","modified_gmt":"2022-08-15T03:01:04","slug":"privacy-policy","status":"publish","type":"page","link":"https:\/\/www.mandreel.com\/vietnam\/privacy-policy\/","title":{"rendered":"Ch\u00ednh s\u00e1ch B\u1ea3o m\u1eadt"},"content":{"rendered":"\r\n<h2>Ch\u00ednh s\u00e1ch B\u1ea3o m\u1eadt d\u00e0nh cho PT Mandreel International Business<\/h2>\r\n\r\n\r\n\r\n<p>T\u1ea1i Mandreel Vi\u1ec7t Nam, c\u00f3 th\u1ec3 truy c\u1eadp https:\/\/www.mandreel.com\/vietnam\/, m\u1ed9t trong nh\u1eefng \u01b0u ti\u00ean h\u00e0ng \u0111\u1ea7u c\u1ee7a ch\u00fang t\u00f4i l\u00e0 quy\u1ec1n ri\u00eang t\u01b0 c\u1ee7a kh\u00e1ch truy c\u1eadp. T\u00e0i li\u1ec7u Ch\u00ednh s\u00e1ch B\u1ea3o m\u1eadt n\u00e0y bao g\u1ed3m c\u00e1c th\u00f4ng tin \u0111\u01b0\u1ee3c thu th\u1eadp v\u00e0 ghi l\u1ea1i b\u1edfi Mandreel Vi\u1ec7t Nam v\u00e0 c\u00e1ch ch\u00fang t\u00f4i s\u1eed d\u1ee5ng th\u00f4ng tin \u0111\u00f3.<\/p>\r\n<p>N\u1ebfu b\u1ea1n c\u00f3 b\u1ea5t k\u1ef3 c\u00e2u h\u1ecfi n\u00e0o ho\u1eb7c mu\u1ed1n t\u00ecm hi\u1ec3u th\u00eam th\u00f4ng tin v\u1ec1 Ch\u00ednh s\u00e1ch B\u1ea3o m\u1eadt c\u1ee7a ch\u00fang t\u00f4i, \u0111\u1eebng do d\u1ef1 m\u00e0 li\u00ean h\u1ec7 v\u1edbi ch\u00fang t\u00f4i.<\/p>\r\n<p>Ch\u00ednh s\u00e1ch B\u1ea3o m\u1eadt ch\u1ec9 \u00e1p d\u1ee5ng v\u1edbi c\u00e1c ho\u1ea1t \u0111\u1ed9ng tr\u1ef1c tuy\u1ebfn c\u1ee7a ch\u00fang t\u00f4i v\u00e0 c\u00f3 hi\u1ec7u l\u1ef1c v\u1edbi nh\u1eefng ng\u01b0\u1eddi truy c\u1eadp v\u00e0o trang web c\u1ee7a ch\u00fang t\u00f4i li\u00ean quan t\u1edbi c\u00e1c th\u00f4ng tin m\u00e0 h\u1ecd chia s\u1ebb v\u00e0\/ho\u1eb7c h\u1ecd thu th\u1eadp t\u1ea1i Mandreel Vi\u1ec7t Nam. Ch\u00ednh s\u00e1ch n\u00e0y kh\u00f4ng \u00e1p d\u1ee5ng cho b\u1ea5t k\u1ef3 th\u00f4ng tin \u0111\u01b0\u1ee3c thu th\u1eadp ngo\u1ea1i tuy\u1ebfn ho\u1eb7c th\u00f4ng qua c\u00e1c k\u00eanh kh\u00e1c ngo\u00e0i trang web n\u00e0y. Ch\u00ednh s\u00e1ch B\u1ea3o m\u1eadt c\u1ee7a ch\u00fang t\u00f4i \u0111\u01b0\u1ee3c t\u1ea1o ra v\u1edbi s\u1ef1 h\u1ed7 tr\u1ee3 c\u1ee7a Tr\u00ecnh t\u1ea1o Ch\u00ednh s\u00e1ch B\u1ea3o m\u1eadt Mi\u1ec5n ph\u00ed.<\/p>\r\n<h2>\u0110\u1ed3ng \u00fd<\/h2>\r\n<p>B\u1eb1ng vi\u1ec7c s\u1eed d\u1ee5ng trang web c\u1ee7a ch\u00fang t\u00f4i, b\u1ea1n \u0111\u1ed3ng \u00fd v\u1edbi c\u00e1c Ch\u00ednh s\u00e1ch B\u1ea3o m\u1eadt c\u1ee7a ch\u00fang t\u00f4i v\u00e0 \u0111\u1ed3ng \u00fd v\u1edbi c\u00e1c \u0111i\u1ec1u kho\u1ea3n c\u1ee7a n\u00f3.<\/p>\r\n<p>Th\u00f4ng tin ch\u00fang t\u00f4i thu th\u1eadp<\/p>\r\n<p>Nh\u1eefng th\u00f4ng tin c\u00e1c nh\u1eadn m\u00e0 b\u1ea1n \u0111\u01b0\u1ee3c y\u00eau c\u1ea7u \u0111\u1ec3 cung c\u1ea5p, v\u00e0 nh\u1eefng l\u00fd do t\u1ea1i sao b\u1ea1n \u0111\u01b0\u1ee3c y\u00eau c\u1ea7u \u0111\u1ec3 cung c\u1ea5p, \u0111i\u1ec1u n\u00e0y s\u1ebd \u0111\u01b0\u1ee3c l\u00e0m r\u00f5 khi ch\u00fang t\u00f4i y\u00eau c\u1ea7u b\u1ea1n cung c\u1ea5p th\u00f4ng tin c\u00e1 nh\u00e2n c\u1ee7a b\u1ea1n.<\/p>\r\n<p>N\u1ebfu b\u1ea1n li\u00ean h\u1ec7 tr\u1ef1c ti\u1ebfp v\u1edbi ch\u00fang t\u00f4i, ch\u00fang t\u00f4i c\u00f3 th\u1ec3 s\u1ebd nh\u1eadn \u0111\u01b0\u1ee3c th\u00f4ng tin b\u1ed5 sung v\u1ec1 b\u1ea1n ch\u1eb3ng h\u1ea1n t\u00ean c\u1ee7a b\u1ea1n, \u0111\u1ecba ch\u1ec9 email, s\u1ed1 \u0111i\u1ec7n tho\u1ea1i, n\u1ed9i dung th\u01b0 v\u00e0\/ho\u1eb7c t\u1ec7p \u0111\u00ednh k\u00e8m m\u00e0 b\u1ea1n c\u00f3 th\u1ec3 g\u1eedi cho ch\u00fang t\u00f4i v\u00e0 b\u1ea5t k\u1ef3 th\u00f4ng tin n\u00e0o kh\u00e1c m\u00e0 b\u1ea1n c\u00f3 th\u1ec3 ch\u1ecdn \u0111\u1ec3 cung c\u1ea5p.<\/p>\r\n<p>Khi b\u1ea1n \u0111\u0103ng k\u00fd t\u00e0i kho\u1ea3n, ch\u00fang t\u00f4i c\u00f3 th\u1ec3 s\u1ebd y\u00eau c\u1ea7u th\u00f4ng tin li\u00ean h\u1ec7 c\u1ee7a b\u1ea1n, bao g\u1ed3m c\u00e1c m\u1ee5c nh\u01b0 t\u00ean, t\u00ean c\u00f4ng ty, \u0111\u1ecba ch\u1ec9, \u0111\u1ecba ch\u1ec9 email v\u00e0 s\u1ed1 \u0111i\u1ec7n tho\u1ea1i.<\/p>\r\n<h2>Ch\u00fang t\u00f4i s\u1eed d\u1ee5ng th\u00f4ng tin c\u1ee7a b\u1ea1n nh\u01b0 th\u1ebf n\u00e0o<\/h2>\r\n<p>Ch\u00fang t\u00f4i s\u1eed d\u1ee5ng th\u00f4ng tin m\u00e0 ch\u00fang t\u00f4i \u0111\u00e3 thu th\u1eadp v\u00e0o nhi\u1ec1u m\u1ee5c \u0111\u00edch, bao g\u1ed3m:<\/p>\r\n<ul>\r\n<li>Cung c\u1ea5p, v\u1eadn h\u00e0nh v\u00e0 duy tr\u00ec trang web c\u1ee7a ch\u00fang t\u00f4i<\/li>\r\n<li>C\u1ea3i thi\u1ec7n, c\u00e1 nh\u00e2n h\u00f3a v\u00e0 m\u1edf r\u1ed9ng trang web c\u1ee7a ch\u00fang t\u00f4i<\/li>\r\n<li>Hi\u1ec3u v\u00e0 ph\u00e2n t\u00edch c\u00e1ch b\u1ea1n s\u1eed d\u1ee5ng trang web c\u1ee7a ch\u00fang t\u00f4i<\/li>\r\n<li>Ph\u00e1t tri\u1ec3n c\u00e1c s\u1ea3n ph\u1ea9m, d\u1ecbch v\u1ee5, t\u00ednh n\u0103ng v\u00e0 ch\u1ee9c n\u0103ng m\u1edbi<\/li>\r\n<li>Li\u00ean l\u1ea1c v\u1edbi b\u1ea1n, tr\u1ef1c ti\u1ebfp ho\u1eb7c th\u00f4ng qua m\u1ed9t trong c\u00e1c \u0111\u1ed1i t\u00e1c c\u1ee7a ch\u00fang t\u00f4i, bao g\u1ed3m c\u1ea3 d\u1ecbch v\u1ee5 kh\u00e1ch h\u00e0ng, \u0111\u1ec3 cung c\u1ea5p cho b\u1ea1n c\u00e1c b\u1ea3n c\u1eadp nh\u1eadt v\u00e0 th\u00f4ng tin kh\u00e1c li\u00ean quan \u0111\u1ebfn trang web c\u0169ng nh\u01b0 cho c\u00e1c m\u1ee5c \u0111\u00edch ti\u1ebfp th\u1ecb v\u00e0 qu\u1ea3ng c\u00e1o<\/li>\r\n<li>G\u1eedi cho b\u1ea1n email<\/li>\r\n<li>T\u00ecm v\u00e0 ng\u0103n ch\u1eb7n gian l\u1eadn<\/li>\r\n<\/ul>\r\n<h2>T\u1ec7p nh\u1eadt k\u00fd<\/h2>\r\n<p>Mandreel Vi\u1ec7t Nam tu\u00e2n theo m\u1ed9t quy tr\u00ecnh ti\u00eau chu\u1ea9n v\u1ec1 s\u1eed d\u1ee5ng t\u1ec7p nh\u1eadt k\u00fd. Nh\u1eefng t\u1ec7p n\u00e0y ghi l\u1ea1i l\u1ecbch s\u1eed kh\u00e1ch truy c\u1eadp v\u00e0o trang web. T\u1ea5t c\u1ea3 c\u00e1c c\u00f4ng ty l\u01b0u tr\u1eef \u0111\u1ec1u l\u00e0m \u0111i\u1ec1u n\u00e0y v\u00e0 \u0111\u00e2y l\u00e0 m\u1ed9t ph\u1ea7n c\u1ee7a ph\u00e2n t\u00edch d\u1ecbch v\u1ee5 l\u01b0u tr\u1eef. Th\u00f4ng tin \u0111\u01b0\u1ee3c thu th\u1eadp v\u1edbi t\u1ec7p nh\u1eadt k\u00fd bao g\u1ed3m \u0111\u1ecba ch\u1ec9 giao th\u1ee9c internet (IP), lo\u1ea1i tr\u00ecnh duy\u1ec7t, Nh\u00e0 cung c\u1ea5p d\u1ecbch v\u1ee5 Internet (ISP), ng\u00e0y v\u00e0 gi\u1edd, c\u00e1c trang gi\u1edbi thi\u1ec7u\/tho\u00e1t v\u00e0 c\u00f3 th\u1ec3 c\u1ea3 s\u1ed1 l\u1ea7n nh\u1ea5p chu\u1ed9t. Nh\u1eefng th\u00f4ng tin n\u00e0y kh\u00f4ng \u0111\u01b0\u1ee3c li\u00ean k\u1ebft v\u1edbi b\u1ea5t k\u1ef3 th\u00f4ng tin n\u00e0o c\u00f3 th\u1ec3 nh\u1eadn d\u1ea1ng c\u00e1 nh\u00e2n. M\u1ee5c \u0111\u00edch c\u1ee7a nh\u1eefng th\u00f4ng tin n\u00e0y l\u00e0 \u0111\u1ec3 ph\u00e2n t\u00edch xu h\u01b0\u1edbng, qu\u1ea3n tr\u1ecb trang web, theo d\u00f5i ho\u1ea1t \u0111\u1ed9ng c\u1ee7a ng\u01b0\u1eddi d\u00f9ng tr\u00ean trang web v\u00e0 thu th\u1eadp th\u00f4ng tin \u0111\u1ecba ch\u1ec9.<\/p>\r\n<h2>Cookies v\u00e0 Web Beacons<\/h2>\r\n<p>Gi\u1ed1ng nh\u01b0 b\u1ea5t k\u1ef3 trang web kh\u00e1c, Mandreel Vi\u1ec7t Nam s\u1eed d\u1ee5ng \u2018cookie\u2019. C\u00e1c cook\u00ede \u0111\u01b0\u1ee3c s\u1eed d\u1ee5ng \u0111\u1ec3 l\u01b0u tr\u1eef tr\u00f4ng tin bao g\u1ed3m s\u1edf th\u00edch c\u1ee7a kh\u00e1ch truy c\u1eadp, v\u00e0 c\u00e1c trang tr\u00ean trang web m\u00e0 kh\u00e1ch \u0111\u00e3 truy c\u1eadp. Th\u00f4ng tin \u0111\u01b0\u1ee3c s\u1eed d\u1ee5ng \u0111\u1ec3 t\u1ed1i \u01b0u h\u00f3a tr\u1ea3i nghi\u1ec7m c\u1ee7a ng\u01b0\u1eddi d\u00f9ng b\u1eb1ng c\u00e1ch t\u00f9y ch\u1ec9nh n\u1ed9i dung trang web c\u1ee7a ch\u00fang t\u00f4i d\u1ef1a tr\u00ean lo\u1ea1i tr\u00ecnh duy\u1ec7t c\u1ee7a kh\u00e1ch truy c\u1eadp v\u00e0\/ho\u1eb7c th\u00f4ng tin kh\u00e1c.<\/p>\r\n<h2>Ch\u00ednh s\u00e1ch B\u1ea3o m\u1eadt \u0110\u1ed1i t\u00e1c Qu\u1ea3ng c\u00e1o<\/h2>\r\n<p>B\u1ea1n c\u00f3 th\u1ec3 tham kh\u1ea3o danh s\u00e1ch n\u00e0y \u0111\u1ec3 t\u00ecm Ch\u00ednh s\u00e1ch B\u1ea3o m\u1eadt cho t\u1eebng \u0111\u1ed1i t\u00e1c qu\u1ea3ng c\u00e1o c\u1ee7a Mandreel Vi\u1ec7t Nam.<\/p>\r\n<p>M\u00e1y ch\u1ee7 qu\u1ea3ng c\u00e1o ho\u1eb7c m\u1ea1ng qu\u1ea3ng c\u00e1o c\u1ee7a b\u00ean th\u1ee9 ba s\u1eed d\u1ee5ng c\u00e1c c\u00f4ng ngh\u1ec7 nh\u01b0 cookie, JavaScript ho\u1eb7c Web Beacons, nh\u1eefng c\u00f4ng ngh\u1ec7 n\u00e0y \u0111\u01b0\u1ee3c s\u1eed d\u1ee5ng trong c\u00e1c qu\u1ea3ng c\u00e1o t\u01b0\u01a1ng \u1ee9ng v\u00e0 c\u00e1c li\u00ean k\u1ebft xu\u1ea5t hi\u1ec7n tr\u00ean Mandreel Vi\u1ec7t Nam v\u00e0 \u0111\u01b0\u1ee3c g\u1eedi tr\u1ef1c ti\u1ebfp \u0111\u1ebfn tr\u00ecnh duy\u1ec7t c\u1ee7a ng\u01b0\u1eddi d\u00f9ng. H\u1ecd s\u1ebd t\u1ef1 \u0111\u1ed9ng ghi nh\u1eadn \u0111\u1ecba ch\u1ec9 IP c\u1ee7a b\u1ea1n khi \u0111i\u1ec1u n\u00e0y x\u1ea3y ra. C\u00e1c c\u00f4ng ngh\u1ec7 n\u00e0y \u0111\u01b0\u1ee3c s\u1eed d\u1ee5ng \u0111\u1ec3 \u0111o l\u01b0\u1eddng hi\u1ec7u qu\u1ea3 c\u1ee7a c\u00e1c chi\u1ebfn d\u1ecbch qu\u1ea3ng c\u00e1o c\u1ee7a h\u1ecd v\u00e0\/ho\u1eb7c \u0111\u1ec3 c\u00e1 nh\u00e2n h\u00f3a n\u1ed9i dung qu\u1ea3ng c\u00e1o m\u00e0 b\u1ea1n th\u1ea5y tr\u00ean c\u00e1c trang web m\u00e0 b\u1ea1n truy c\u1eadp.<\/p>\r\n<p>L\u01b0u \u00fd r\u1eb1ng Mandreel Vi\u1ec7t Nam kh\u00f4ng c\u00f3 quy\u1ec1n truy c\u1eadp ho\u1eb7c ki\u1ec3m so\u00e1t c\u00e1c cookie \u0111\u01b0\u1ee3c s\u1eed d\u1ee5ng b\u1edfi c\u00e1c nh\u00e0 qu\u1ea3ng c\u00e1o b\u00ean th\u1ee9 ba.<\/p>\r\n<h2>Ch\u00ednh s\u00e1ch quy\u1ec1n ri\u00eang t\u01b0 c\u1ee7a b\u00ean th\u1ee9 ba<\/h2>\r\n<p>Ch\u00ednh s\u00e1ch B\u1ea3o m\u1eadt c\u1ee7a Mandreel Vi\u1ec7t Nam kh\u00f4ng \u00e1p d\u1ee5ng cho c\u00e1c nh\u00e0 qu\u1ea3ng c\u00e1o ho\u1eb7c trang web kh\u00e1c. Do \u0111\u00f3, ch\u00fang t\u00f4i khuy\u00ean b\u1ea1n n\u00ean tham kh\u1ea3o Ch\u00ednh s\u00e1ch B\u1ea3o m\u1eadt t\u01b0\u01a1ng t\u1ef1 c\u1ee7a c\u00e1c m\u00e1y ch\u1ee7 qu\u1ea3ng c\u00e1o c\u1ee7a b\u00ean th\u1ee9 ba n\u00e0y \u0111\u1ec3 bi\u1ebft th\u00eam th\u00f4ng tin chi ti\u1ebft. N\u00f3 c\u00f3 th\u1ec3 bao g\u1ed3m c\u00e1c th\u1ee7 t\u1ee5c v\u00e0 h\u01b0\u1edbng d\u1eabn c\u1ee7a h\u1ecd v\u1ec1 c\u00e1ch ch\u1ecdn kh\u00f4ng tham gia c\u00e1c t\u00f9y ch\u1ecdn nh\u1ea5t \u0111\u1ecbnh.<\/p>\r\n<p>B\u1ea1n c\u00f3 th\u1ec3 ch\u1ecdn t\u1eaft cookie th\u00f4ng qua c\u00e1c t\u00f9y ch\u1ecdn tr\u00ecnh duy\u1ec7t c\u00e1 nh\u00e2n c\u1ee7a m\u00ecnh. \u0110\u1ec3 bi\u1ebft th\u00eam th\u00f4ng tin chi ti\u1ebft v\u1ec1 qu\u1ea3n l\u00fd cookie v\u1edbi c\u00e1c tr\u00ecnh duy\u1ec7t web c\u1ee5 th\u1ec3, b\u1ea1n c\u00f3 th\u1ec3 t\u00ecm th\u1ea5y th\u00f4ng tin n\u00e0y t\u1ea1i c\u00e1c trang web t\u01b0\u01a1ng t\u1ef1 c\u1ee7a tr\u00ecnh duy\u1ec7t.<\/p>\r\n<p>Quy\u1ec1n ri\u00eang t\u01b0 c\u1ee7a CCPA (Kh\u00f4ng b\u00e1n th\u00f4ng tin c\u00e1 nh\u00e2n c\u1ee7a t\u00f4i)<\/p>\r\n<p>Theo CCPA, trong s\u1ed1 c\u00e1c quy\u1ec1n kh\u00e1c, ng\u01b0\u1eddi ti\u00eau d\u00f9ng California c\u00f3 quy\u1ec1n:<\/p>\r\n<p>Y\u00eau c\u1ea7u doanh nghi\u1ec7p thu th\u1eadp d\u1eef li\u1ec7u c\u00e1 nh\u00e2n c\u1ee7a ng\u01b0\u1eddi ti\u00eau d\u00f9ng v\u00e0 ti\u1ebft l\u1ed9 c\u00e1c danh m\u1ee5c c\u0169ng nh\u01b0 ph\u1ea7n d\u1eef li\u1ec7u c\u00e1 nh\u00e2n c\u1ee5 th\u1ec3 m\u00e0 doanh nghi\u1ec7p \u0111\u00e3 thu th\u1eadp v\u1ec1 ng\u01b0\u1eddi ti\u00eau d\u00f9ng.<\/p>\r\n<p>Y\u00eau c\u1ea7u doanh nghi\u1ec7p x\u00f3a m\u1ecdi d\u1eef li\u1ec7u c\u00e1 nh\u00e2n v\u1ec1 ng\u01b0\u1eddi ti\u00eau d\u00f9ng m\u00e0 doanh nghi\u1ec7p \u0111\u00e3 thu th\u1eadp.<\/p>\r\n<p>Y\u00eau c\u1ea7u doanh nghi\u1ec7p b\u00e1n d\u1eef li\u1ec7u c\u00e1 nh\u00e2n c\u1ee7a ng\u01b0\u1eddi ti\u00eau d\u00f9ng, kh\u00f4ng b\u00e1n d\u1eef li\u1ec7u c\u00e1 nh\u00e2n c\u1ee7a ng\u01b0\u1eddi ti\u00eau d\u00f9ng.<\/p>\r\n<p>N\u1ebfu b\u1ea1n \u0111\u01b0a ra y\u00eau c\u1ea7u, ch\u00fang t\u00f4i c\u00f3 m\u1ed9t th\u00e1ng \u0111\u1ec3 tr\u1ea3 l\u1eddi b\u1ea1n. N\u1ebfu b\u1ea1n mu\u1ed1n th\u1ef1c hi\u1ec7n b\u1ea5t k\u1ef3 quy\u1ec1n n\u00e0o trong s\u1ed1 n\u00e0y, vui l\u00f2ng li\u00ean h\u1ec7 v\u1edbi ch\u00fang t\u00f4i.<\/p>\r\n<h2>Quy\u1ec1n b\u1ea3o v\u1ec7 d\u1eef li\u1ec7u GDPR<\/h2>\r\n<p>Ch\u00fang t\u00f4i mu\u1ed1n \u0111\u1ea3m b\u1ea3o r\u1eb1ng b\u1ea1n hi\u1ec3u \u0111\u1ea7y \u0111\u1ee7 v\u1ec1 t\u1ea5t c\u1ea3 c\u00e1c quy\u1ec1n b\u1ea3o v\u1ec7 d\u1eef li\u1ec7u c\u1ee7a m\u00ecnh. M\u1ecdi ng\u01b0\u1eddi d\u00f9ng \u0111\u01b0\u1ee3c h\u01b0\u1edfng nh\u1eefng \u0111i\u1ec1u sau \u0111\u00e2y:<\/p>\r\n<p>Quy\u1ec1n truy c\u1eadp &#8211; B\u1ea1n c\u00f3 quy\u1ec1n y\u00eau c\u1ea7u b\u1ea3n sao d\u1eef li\u1ec7u c\u00e1 nh\u00e2n c\u1ee7a m\u00ecnh. Ch\u00fang t\u00f4i c\u00f3 th\u1ec3 t\u00ednh cho b\u1ea1n m\u1ed9t kho\u1ea3n ph\u00ed nh\u1ecf cho d\u1ecbch v\u1ee5 n\u00e0y.<\/p>\r\n<p>Quy\u1ec1n ch\u1ec9nh s\u1eeda &#8211; B\u1ea1n c\u00f3 quy\u1ec1n y\u00eau c\u1ea7u ch\u00fang t\u00f4i ch\u1ec9nh s\u1eeda b\u1ea5t k\u1ef3 th\u00f4ng tin n\u00e0o m\u00e0 b\u1ea1n cho l\u00e0 kh\u00f4ng ch\u00ednh x\u00e1c. B\u1ea1n c\u0169ng c\u00f3 quy\u1ec1n y\u00eau c\u1ea7u ch\u00fang t\u00f4i \u0111i\u1ec1n \u0111\u1ea7y \u0111\u1ee7 th\u00f4ng tin m\u00e0 b\u1ea1n cho l\u00e0 ch\u01b0a \u0111\u1ea7y \u0111\u1ee7.<\/p>\r\n<p>Quy\u1ec1n x\u00f3a &#8211; B\u1ea1n c\u00f3 quy\u1ec1n y\u00eau c\u1ea7u ch\u00fang t\u00f4i x\u00f3a d\u1eef li\u1ec7u c\u00e1 nh\u00e2n c\u1ee7a b\u1ea1n, trong m\u1ed9t s\u1ed1 \u0111i\u1ec1u ki\u1ec7n nh\u1ea5t \u0111\u1ecbnh.<\/p>\r\n<p>Quy\u1ec1n h\u1ea1n ch\u1ebf x\u1eed l\u00fd &#8211; B\u1ea1n c\u00f3 quy\u1ec1n y\u00eau c\u1ea7u ch\u00fang t\u00f4i h\u1ea1n ch\u1ebf vi\u1ec7c x\u1eed l\u00fd d\u1eef li\u1ec7u c\u00e1 nh\u00e2n c\u1ee7a b\u1ea1n, trong m\u1ed9t s\u1ed1 \u0111i\u1ec1u ki\u1ec7n nh\u1ea5t \u0111\u1ecbnh.<\/p>\r\n<p>Quy\u1ec1n ph\u1ea3n \u0111\u1ed1i vi\u1ec7c x\u1eed l\u00fd &#8211; B\u1ea1n c\u00f3 quy\u1ec1n ph\u1ea3n \u0111\u1ed1i vi\u1ec7c ch\u00fang t\u00f4i x\u1eed l\u00fd d\u1eef li\u1ec7u c\u00e1 nh\u00e2n c\u1ee7a b\u1ea1n, trong m\u1ed9t s\u1ed1 \u0111i\u1ec1u ki\u1ec7n nh\u1ea5t \u0111\u1ecbnh.<\/p>\r\n<p>Quy\u1ec1n chuy\u1ec3n \u0111\u1ed5i d\u1eef li\u1ec7u &#8211; B\u1ea1n c\u00f3 quy\u1ec1n y\u00eau c\u1ea7u ch\u00fang t\u00f4i chuy\u1ec3n d\u1eef li\u1ec7u m\u00e0 ch\u00fang t\u00f4i \u0111\u00e3 thu th\u1eadp \u0111\u01b0\u1ee3c cho m\u1ed9t t\u1ed5 ch\u1ee9c kh\u00e1c ho\u1eb7c tr\u1ef1c ti\u1ebfp cho b\u1ea1n, theo m\u1ed9t s\u1ed1 \u0111i\u1ec1u ki\u1ec7n nh\u1ea5t \u0111\u1ecbnh.<\/p>\r\n<p>N\u1ebfu b\u1ea1n \u0111\u01b0a ra y\u00eau c\u1ea7u, ch\u00fang t\u00f4i c\u00f3 m\u1ed9t th\u00e1ng \u0111\u1ec3 tr\u1ea3 l\u1eddi b\u1ea1n. N\u1ebfu b\u1ea1n mu\u1ed1n th\u1ef1c hi\u1ec7n b\u1ea5t k\u1ef3 quy\u1ec1n n\u00e0o trong s\u1ed1 n\u00e0y, vui l\u00f2ng li\u00ean h\u1ec7 v\u1edbi ch\u00fang t\u00f4i.<\/p>\r\n<h2>Th\u00f4ng tin c\u1ee7a tr\u1ebb em<\/h2>\r\n<p>M\u1ed9t \u01b0u th\u1ebf kh\u00e1c c\u1ee7a ch\u00fang t\u00f4i l\u00e0 t\u0103ng c\u01b0\u1eddng b\u1ea3o v\u1ec7 tr\u1ebb em khi s\u1eed d\u1ee5ng Internet. Ch\u00fang t\u00f4i khuy\u1ebfn kh\u00edch cha m\u1eb9 v\u00e0 ng\u01b0\u1eddi gi\u00e1m h\u1ed9 quan s\u00e1t, tham gia v\u00e0\/ho\u1eb7c gi\u00e1m s\u00e1t v\u00e0 h\u01b0\u1edbng d\u1eabn ho\u1ea1t \u0111\u1ed9ng tr\u1ef1c tuy\u1ebfn c\u1ee7a ch\u00fang.<\/p>\r\n<p>Mandreel Vi\u1ec7t Nam kh\u00f4ng c\u1ed1 \u00fd thu th\u1eadp b\u1ea5t k\u1ef3 Th\u00f4ng tin Nh\u1eadn d\u1ea1ng C\u00e1 nh\u00e2n n\u00e0o t\u1eeb tr\u1ebb em d\u01b0\u1edbi 13 tu\u1ed5i. N\u1ebfu b\u1ea1n cho r\u1eb1ng con b\u1ea1n \u0111\u00e3 cung c\u1ea5p lo\u1ea1i th\u00f4ng tin n\u00e0y tr\u00ean trang web c\u1ee7a ch\u00fang t\u00f4i, ch\u00fang t\u00f4i \u0111\u1eb7c bi\u1ec7t khuy\u1ebfn kh\u00edch b\u1ea1n li\u00ean h\u1ec7 v\u1edbi ch\u00fang t\u00f4i ngay l\u1eadp t\u1ee9c v\u00e0 ch\u00fang t\u00f4i s\u1ebd c\u1ed1 g\u1eafng h\u1ebft s\u1ee9c \u0111\u1ec3 x\u1eed l\u00fd k\u1ecbp th\u1eddi x\u00f3a th\u00f4ng tin \u0111\u00f3 kh\u1ecfi h\u1ed3 s\u01a1 c\u1ee7a ch\u00fang t\u00f4i.<\/p>\r\n","protected":false},"excerpt":{"rendered":"<p>Ch\u00ednh s\u00e1ch B\u1ea3o m\u1eadt d\u00e0nh cho PT Mandreel International Business T\u1ea1i Mandreel Vi\u1ec7t Nam, c\u00f3 th\u1ec3 truy c\u1eadp https:\/\/www.mandreel.com\/vietnam\/, m\u1ed9t trong nh\u1eefng \u01b0u ti\u00ean h\u00e0ng \u0111\u1ea7u c\u1ee7a ch\u00fang t\u00f4i l\u00e0 quy\u1ec1n ri\u00eang t\u01b0 c\u1ee7a kh\u00e1ch truy c\u1eadp. T\u00e0i li\u1ec7u Ch\u00ednh s\u00e1ch B\u1ea3o m\u1eadt n\u00e0y bao g\u1ed3m c\u00e1c th\u00f4ng tin \u0111\u01b0\u1ee3c thu th\u1eadp v\u00e0 ghi l\u1ea1i <\/p>\n","protected":false},"author":2,"featured_media":0,"parent":0,"menu_order":0,"comment_status":"closed","ping_status":"closed","template":"","meta":[],"acf":[],"yoast_head":"<!-- This site is optimized with the Yoast SEO plugin v19.4 - https:\/\/yoast.com\/wordpress\/plugins\/seo\/ -->\n<title>Ch\u00ednh s\u00e1ch B\u1ea3o m\u1eadt | Mandreel.com<\/title>\n<meta name=\"robots\" content=\"index, follow, max-snippet:-1, max-image-preview:large, max-video-preview:-1\" \/>\n<link rel=\"canonical\" href=\"https:\/\/www.mandreel.com\/vietnam\/privacy-policy\/\" \/>\n<meta property=\"og:locale\" content=\"vi_VN\" \/>\n<meta property=\"og:type\" content=\"article\" \/>\n<meta property=\"og:title\" content=\"Ch\u00ednh s\u00e1ch B\u1ea3o m\u1eadt | Mandreel.com\" \/>\n<meta property=\"og:description\" content=\"Ch\u00ednh s\u00e1ch B\u1ea3o m\u1eadt d\u00e0nh cho PT Mandreel International Business T\u1ea1i Mandreel Vi\u1ec7t Nam, c\u00f3 th\u1ec3 truy c\u1eadp https:\/\/www.mandreel.com\/vietnam\/, m\u1ed9t trong nh\u1eefng \u01b0u ti\u00ean h\u00e0ng \u0111\u1ea7u c\u1ee7a ch\u00fang t\u00f4i l\u00e0 quy\u1ec1n ri\u00eang t\u01b0 c\u1ee7a kh\u00e1ch truy c\u1eadp. T\u00e0i li\u1ec7u Ch\u00ednh s\u00e1ch B\u1ea3o m\u1eadt n\u00e0y bao g\u1ed3m c\u00e1c th\u00f4ng tin \u0111\u01b0\u1ee3c thu th\u1eadp v\u00e0 ghi l\u1ea1i\" \/>\n<meta property=\"og:url\" content=\"https:\/\/www.mandreel.com\/vietnam\/privacy-policy\/\" \/>\n<meta property=\"og:site_name\" content=\"Mandreel Vi\u1ec7t Nam\" \/>\n<meta property=\"article:modified_time\" content=\"2022-08-15T03:01:04+00:00\" \/>\n<meta name=\"twitter:card\" content=\"summary_large_image\" \/>\n<meta name=\"twitter:label1\" content=\"Est. reading time\" \/>\n\t<meta name=\"twitter:data1\" content=\"8 minutes\" \/>\n<script type=\"application\/ld+json\" class=\"yoast-schema-graph\">{\"@context\":\"https:\/\/schema.org\",\"@graph\":[{\"@type\":\"WebSite\",\"@id\":\"https:\/\/www.mandreel.com\/vietnam\/#website\",\"url\":\"https:\/\/www.mandreel.com\/vietnam\/\",\"name\":\"Mandreel Vi\u1ec7t Nam\",\"description\":\"Mandreel Vi\u1ec7t Nam\",\"potentialAction\":[{\"@type\":\"SearchAction\",\"target\":{\"@type\":\"EntryPoint\",\"urlTemplate\":\"https:\/\/www.mandreel.com\/vietnam\/?s={search_term_string}\"},\"query-input\":\"required name=search_term_string\"}],\"inLanguage\":\"vi\"},{\"@type\":\"WebPage\",\"@id\":\"https:\/\/www.mandreel.com\/vietnam\/privacy-policy\/\",\"url\":\"https:\/\/www.mandreel.com\/vietnam\/privacy-policy\/\",\"name\":\"Ch\u00ednh s\u00e1ch B\u1ea3o m\u1eadt | Mandreel.com\",\"isPartOf\":{\"@id\":\"https:\/\/www.mandreel.com\/vietnam\/#website\"},\"datePublished\":\"2019-07-19T07:56:25+00:00\",\"dateModified\":\"2022-08-15T03:01:04+00:00\",\"breadcrumb\":{\"@id\":\"https:\/\/www.mandreel.com\/vietnam\/privacy-policy\/#breadcrumb\"},\"inLanguage\":\"vi\",\"potentialAction\":[{\"@type\":\"ReadAction\",\"target\":[\"https:\/\/www.mandreel.com\/vietnam\/privacy-policy\/\"]}]},{\"@type\":\"BreadcrumbList\",\"@id\":\"https:\/\/www.mandreel.com\/vietnam\/privacy-policy\/#breadcrumb\",\"itemListElement\":[{\"@type\":\"ListItem\",\"position\":1,\"name\":\"\u9996\u9801\",\"item\":\"https:\/\/www.mandreel.com\/vietnam\/\"},{\"@type\":\"ListItem\",\"position\":2,\"name\":\"Ch\u00ednh s\u00e1ch B\u1ea3o m\u1eadt\"}]}]}<\/script>\n<!-- \/ Yoast SEO plugin. -->","yoast_head_json":{"title":"Ch\u00ednh s\u00e1ch B\u1ea3o m\u1eadt | Mandreel.com","robots":{"index":"index","follow":"follow","max-snippet":"max-snippet:-1","max-image-preview":"max-image-preview:large","max-video-preview":"max-video-preview:-1"},"canonical":"https:\/\/www.mandreel.com\/vietnam\/privacy-policy\/","og_locale":"vi_VN","og_type":"article","og_title":"Ch\u00ednh s\u00e1ch B\u1ea3o m\u1eadt | Mandreel.com","og_description":"Ch\u00ednh s\u00e1ch B\u1ea3o m\u1eadt d\u00e0nh cho PT Mandreel International Business T\u1ea1i Mandreel Vi\u1ec7t Nam, c\u00f3 th\u1ec3 truy c\u1eadp https:\/\/www.mandreel.com\/vietnam\/, m\u1ed9t trong nh\u1eefng \u01b0u ti\u00ean h\u00e0ng \u0111\u1ea7u c\u1ee7a ch\u00fang t\u00f4i l\u00e0 quy\u1ec1n ri\u00eang t\u01b0 c\u1ee7a kh\u00e1ch truy c\u1eadp. T\u00e0i li\u1ec7u Ch\u00ednh s\u00e1ch B\u1ea3o m\u1eadt n\u00e0y bao g\u1ed3m c\u00e1c th\u00f4ng tin \u0111\u01b0\u1ee3c thu th\u1eadp v\u00e0 ghi l\u1ea1i","og_url":"https:\/\/www.mandreel.com\/vietnam\/privacy-policy\/","og_site_name":"Mandreel Vi\u1ec7t Nam","article_modified_time":"2022-08-15T03:01:04+00:00","twitter_card":"summary_large_image","twitter_misc":{"Est. reading time":"8 minutes"},"schema":{"@context":"https:\/\/schema.org","@graph":[{"@type":"WebSite","@id":"https:\/\/www.mandreel.com\/vietnam\/#website","url":"https:\/\/www.mandreel.com\/vietnam\/","name":"Mandreel Vi\u1ec7t Nam","description":"Mandreel Vi\u1ec7t Nam","potentialAction":[{"@type":"SearchAction","target":{"@type":"EntryPoint","urlTemplate":"https:\/\/www.mandreel.com\/vietnam\/?s={search_term_string}"},"query-input":"required name=search_term_string"}],"inLanguage":"vi"},{"@type":"WebPage","@id":"https:\/\/www.mandreel.com\/vietnam\/privacy-policy\/","url":"https:\/\/www.mandreel.com\/vietnam\/privacy-policy\/","name":"Ch\u00ednh s\u00e1ch B\u1ea3o m\u1eadt | Mandreel.com","isPartOf":{"@id":"https:\/\/www.mandreel.com\/vietnam\/#website"},"datePublished":"2019-07-19T07:56:25+00:00","dateModified":"2022-08-15T03:01:04+00:00","breadcrumb":{"@id":"https:\/\/www.mandreel.com\/vietnam\/privacy-policy\/#breadcrumb"},"inLanguage":"vi","potentialAction":[{"@type":"ReadAction","target":["https:\/\/www.mandreel.com\/vietnam\/privacy-policy\/"]}]},{"@type":"BreadcrumbList","@id":"https:\/\/www.mandreel.com\/vietnam\/privacy-policy\/#breadcrumb","itemListElement":[{"@type":"ListItem","position":1,"name":"\u9996\u9801","item":"https:\/\/www.mandreel.com\/vietnam\/"},{"@type":"ListItem","position":2,"name":"Ch\u00ednh s\u00e1ch B\u1ea3o m\u1eadt"}]}]}},"_links":{"self":[{"href":"https:\/\/www.mandreel.com\/vietnam\/wp-json\/wp\/v2\/pages\/817"}],"collection":[{"href":"https:\/\/www.mandreel.com\/vietnam\/wp-json\/wp\/v2\/pages"}],"about":[{"href":"https:\/\/www.mandreel.com\/vietnam\/wp-json\/wp\/v2\/types\/page"}],"author":[{"embeddable":true,"href":"https:\/\/www.mandreel.com\/vietnam\/wp-json\/wp\/v2\/users\/2"}],"replies":[{"embeddable":true,"href":"https:\/\/www.mandreel.com\/vietnam\/wp-json\/wp\/v2\/comments?post=817"}],"version-history":[{"count":4,"href":"https:\/\/www.mandreel.com\/vietnam\/wp-json\/wp\/v2\/pages\/817\/revisions"}],"predecessor-version":[{"id":1402,"href":"https:\/\/www.mandreel.com\/vietnam\/wp-json\/wp\/v2\/pages\/817\/revisions\/1402"}],"wp:attachment":[{"href":"https:\/\/www.mandreel.com\/vietnam\/wp-json\/wp\/v2\/media?parent=817"}],"curies":[{"name":"wp","href":"https:\/\/api.w.org\/{rel}","templated":true}]}}